{"id":35529,"date":"2025-07-18T11:32:54","date_gmt":"2025-07-18T08:32:54","guid":{"rendered":"https:\/\/nurtep.atolyework.net\/?page_id=35529"},"modified":"2025-08-08T11:46:50","modified_gmt":"2025-08-08T08:46:50","slug":"devam-eden-projeler","status":"publish","type":"page","link":"https:\/\/nurtep.atolyework.net\/?page_id=35529","title":{"rendered":"Devam Eden Projeler"},"content":{"rendered":"<div class=\"wpb-content-wrapper\"><p>[vc_row disable_element=&#8221;yes&#8221; woodmart_css_id=&#8221;688b7100b1e63&#8243; responsive_spacing=&#8221;eyJwYXJhbV90eXBlIjoid29vZG1hcnRfcmVzcG9uc2l2ZV9zcGFjaW5nIiwic2VsZWN0b3JfaWQiOiI2ODhiNzEwMGIxZTYzIiwic2hvcnRjb2RlIjoidmNfcm93IiwiZGF0YSI6eyJ0YWJsZXQiOnt9LCJtb2JpbGUiOnt9fX0=&#8221; mobile_bg_img_hidden=&#8221;no&#8221; tablet_bg_img_hidden=&#8221;no&#8221; woodmart_parallax=&#8221;0&#8243; woodmart_gradient_switch=&#8221;no&#8221; woodmart_box_shadow=&#8221;no&#8221; wd_z_index=&#8221;no&#8221; woodmart_disable_overflow=&#8221;0&#8243; row_reverse_mobile=&#8221;0&#8243; row_reverse_tablet=&#8221;0&#8243;][vc_column]\n\t\t<div id=\"wd-68853b0a940e4\" class=\"title-wrapper wd-wpb wd-set-mb reset-last-child  wd-rs-68853b0a940e4 wd-title-color-default wd-title-style-default text-center  wd-underline-colored\">\n\t\t\t\n\t\t\t<div class=\"liner-continer\">\n\t\t\t\t<h4 class=\"woodmart-title-container title  wd-font-weight-700 wd-fontsize-xl\" >\u00d6zk\u0131l\u0131\u00e7 Yap\u0131 olarak gelece\u011fi bug\u00fcnden in\u015fa etmeye devam ediyoruz. T\u00fcrkiye genelindeki \u00e7e\u015fitli b\u00f6lgelerde y\u00fckselen yeni projelerimiz; mimari tasar\u0131mdan altyap\u0131 \u00e7\u00f6z\u00fcmlerine kadar her a\u015famada y\u00fcksek standartlarla \u015fekilleniyor.<\/p>\n<p>Konut ihtiyac\u0131n\u0131n artt\u0131\u011f\u0131 \u015fehirlerde s\u00fcrd\u00fcr\u00fclebilir ya\u015fam alanlar\u0131 kurarken, ticari ve kamusal yap\u0131larda da b\u00f6lgesel kalk\u0131nmaya katk\u0131 sunuyoruz. Devam eden projelerimizle, daha sa\u011flam, daha estetik ve daha ya\u015fanabilir alanlar in\u015fa etmek i\u00e7in \u00e7al\u0131\u015f\u0131yoruz.<\/h4>\n\t\t\t\t\t\t\t<\/div>\n\t\t\t\n\t\t\t\n\t\t\t\n\t\t<\/div>\n\t\t\n\t\t[\/vc_column][\/vc_row][vc_row][vc_column width=&#8221;1\/3&#8243;]\t\t\t<div class=\"info-box-wrapper\">\n\t\t\t\t<div id=\"wd-688743b7b8c1e\" class=\" wd-rs-688743b7b8c1e wd-info-box wd-wpb text-left box-icon-align-top box-style- color-scheme- wd-bg-none \">\n\t\t\t\t\t\t\t\t\t\t\t<div class=\"box-icon-wrapper  box-with-icon box-icon-simple\">\n\t\t\t\t\t\t\t<div class=\"info-box-icon\">\n\n\t\t\t\t\t\t\t\n\t\t\t\t\t\t\t\t\t\t\t\t\t\t\t\t\t<img loading=\"lazy\" decoding=\"async\" width=\"800\" height=\"600\" src=\"https:\/\/nurtep.atolyework.net\/wp-content\/uploads\/2025\/07\/01_hatay_1602_yapi_951x761-800x600.jpg\" class=\"attachment-800x600 size-800x600\" alt=\"Hatay-\u0130skenderun 1602 adet Konut Yap\u0131m\u0131\" \/>\t\t\t\t\t\t\t\t\t\t\t\t\t\t\t\n\t\t\t\t\t\t\t<\/div>\n\t\t\t\t\t\t<\/div>\n\t\t\t\t\t\t\t\t\t\t<div class=\"info-box-content\">\n\t\t\t\t\t\t<h4 class=\"info-box-title title box-title-style-default wd-fontsize-s\">Hatay-\u0130skenderun 1602 adet Konut Yap\u0131m\u0131<\/h4>\t\t\t\t\t\t<div class=\"info-box-inner reset-last-child\"><p><strong>Proje Ad\u0131:<\/strong> Hatay \u0130skenderun 1.064 Konut ve \u00c7evre D\u00fczenlemesi Projesi<br \/>\n<strong>\u0130\u015fin Tan\u0131m\u0131:<\/strong> Hatay ili, \u0130skenderun il\u00e7esinde 1.064 adet konutun in\u015faat\u0131 ile birlikte altyap\u0131 ve \u00e7evre d\u00fczenleme i\u015fleri ger\u00e7ekle\u015ftirilmi\u015ftir.<br \/>\n<strong>\u0130\u015fin Yap\u0131ld\u0131\u011f\u0131 Kurum:<\/strong> T\u00fcrkiye Cumhuriyeti Toplu Konut \u0130daresi<br \/>\n<strong>Toplam Alan:<\/strong> 252.197,35 m<sup>\u00b2<\/sup><br \/>\n<strong>S\u00fcre:<\/strong> 360 g\u00fcn<br \/>\n<strong>Biti\u015f Tarihi:<\/strong><\/p>\n<\/div>\n\n\t\t\t\t\t\t\t\t\t\t\t<\/div>\n\n\t\t\t\t\t\n\t\t\t\t\t\t\t\t\t<\/div>\n\t\t\t<\/div>\n\t\t[\/vc_column][vc_column width=&#8221;1\/3&#8243;]\t\t\t<div class=\"info-box-wrapper\">\n\t\t\t\t<div id=\"wd-688743c173416\" class=\" wd-rs-688743c173416 wd-info-box wd-wpb text-left box-icon-align-top box-style- color-scheme- wd-bg-none \">\n\t\t\t\t\t\t\t\t\t\t\t<div class=\"box-icon-wrapper  box-with-icon box-icon-simple\">\n\t\t\t\t\t\t\t<div class=\"info-box-icon\">\n\n\t\t\t\t\t\t\t\n\t\t\t\t\t\t\t\t\t\t\t\t\t\t\t\t\t<img loading=\"lazy\" decoding=\"async\" width=\"800\" height=\"600\" src=\"https:\/\/nurtep.atolyework.net\/wp-content\/uploads\/2025\/07\/02_hatay_994_yapi_951x761-800x600.jpg\" class=\"attachment-800x600 size-800x600\" alt=\"Hatay-\u0130skenderun 994 adet Konut Yap\u0131m\u0131\" \/>\t\t\t\t\t\t\t\t\t\t\t\t\t\t\t\n\t\t\t\t\t\t\t<\/div>\n\t\t\t\t\t\t<\/div>\n\t\t\t\t\t\t\t\t\t\t<div class=\"info-box-content\">\n\t\t\t\t\t\t<h4 class=\"info-box-title title box-title-style-default wd-fontsize-s\">Hatay-\u0130skenderun 994 adet Konut Yap\u0131m\u0131<\/h4>\t\t\t\t\t\t<div class=\"info-box-inner reset-last-child\"><p>Hatay-\u0130skenderun 994 adet Konut Yap\u0131m\u0131<\/p>\n<\/div>\n\n\t\t\t\t\t\t\t\t\t\t\t<\/div>\n\n\t\t\t\t\t\n\t\t\t\t\t\t\t\t\t<\/div>\n\t\t\t<\/div>\n\t\t[\/vc_column][vc_column width=&#8221;1\/3&#8243;]\t\t\t<div class=\"info-box-wrapper\">\n\t\t\t\t<div id=\"wd-6895b96009a87\" class=\" wd-rs-6895b96009a87 wd-info-box wd-wpb text-left box-icon-align-top box-style- color-scheme- wd-bg-none \">\n\t\t\t\t\t\t\t\t\t\t\t<div class=\"box-icon-wrapper  box-with-icon box-icon-simple\">\n\t\t\t\t\t\t\t<div class=\"info-box-icon\">\n\n\t\t\t\t\t\t\t\n\t\t\t\t\t\t\t\t\t\t\t\t\t\t\t\t\t<img loading=\"lazy\" decoding=\"async\" width=\"800\" height=\"600\" src=\"https:\/\/nurtep.atolyework.net\/wp-content\/uploads\/2025\/07\/23_hatay_arsuz_yapi_951x761-800x600.jpg\" class=\"attachment-800x600 size-800x600\" alt=\"Hatay-Arsuz 662 adet Konut Yap\u0131m\u0131\" \/>\t\t\t\t\t\t\t\t\t\t\t\t\t\t\t\n\t\t\t\t\t\t\t<\/div>\n\t\t\t\t\t\t<\/div>\n\t\t\t\t\t\t\t\t\t\t<div class=\"info-box-content\">\n\t\t\t\t\t\t<h4 class=\"info-box-title title box-title-style-default wd-fontsize-s\">Hatay \u0130li Arsuz \u0130l\u00e7esi 662 Konut Yap\u0131m\u0131 <\/h4>\t\t\t\t\t\t<div class=\"info-box-inner reset-last-child\"><p><strong>Proje Ad\u0131:<\/strong>\u00a0Hatay \u0130li Arsuz \u0130l\u00e7esi Pirin\u00e7lik Mahallesi 5. B\u00f6lge 4. Etap Konut Projesi<br \/>\n<strong>\u0130\u015fin tan\u0131m\u0131:<\/strong>\u00a0Hatay \u0130li Arsuz \u0130l\u00e7esi 5. B\u00f6lge 4. Etap Konut \u0130n\u015faatlar\u0131 \u0130le Altyap\u0131 ve \u00c7evre D\u00fczenlemesi \u0130\u015fi ger\u00e7ekle\u015ftirilmi\u015ftir.<br \/>\n<strong>\u0130\u015fin Yap\u0131ld\u0131\u011f\u0131 Kurum:<\/strong>\u00a0T\u00fcrkiye Cumhuriyeti Toplu Konut \u0130daresi<br \/>\n<strong>Toplam Alan:<\/strong> 113.890\u00a0m\u00b2<br \/>\n<strong>S\u00fcre:<\/strong>\u00a0 10 Ay<\/p>\n<\/div>\n\n\t\t\t\t\t\t\t\t\t\t\t<\/div>\n\n\t\t\t\t\t\n\t\t\t\t\t\t\t\t\t<\/div>\n\t\t\t<\/div>\n\t\t[\/vc_column][\/vc_row]<\/p>\n<\/div>","protected":false},"excerpt":{"rendered":"<p>[vc_row disable_element=&#8221;yes&#8221; woodmart_css_id=&#8221;688b7100b1e63&#8243; responsive_spacing=&#8221;eyJwYXJhbV90eXBlIjoid29vZG1hcnRfcmVzcG9uc2l2ZV9zcGFjaW5nIiwic2VsZWN0b3JfaWQiOiI2ODhiNzEwMGIxZTYzIiwic2hvcnRjb2RlIjoidmNfcm93IiwiZGF0YSI6eyJ0YWJsZXQiOnt9LCJtb2JpbGUiOnt9fX0=&#8221; mobile_bg_img_hidden=&#8221;no&#8221; tablet_bg_img_hidden=&#8221;no&#8221; woodmart_parallax=&#8221;0&#8243; woodmart_gradient_switch=&#8221;no&#8221; woodmart_box_shadow=&#8221;no&#8221; wd_z_index=&#8221;no&#8221; woodmart_disable_overflow=&#8221;0&#8243; row_reverse_mobile=&#8221;0&#8243; row_reverse_tablet=&#8221;0&#8243;][vc_column][\/vc_column][\/vc_row][vc_row][vc_column width=&#8221;1\/3&#8243;][\/vc_column][vc_column width=&#8221;1\/3&#8243;][\/vc_column][vc_column width=&#8221;1\/3&#8243;][\/vc_column][\/vc_row]<\/p>\n","protected":false},"author":1,"featured_media":0,"parent":0,"menu_order":0,"comment_status":"closed","ping_status":"closed","template":"","meta":{"footnotes":""},"class_list":["post-35529","page","type-page","status-publish","hentry"],"_links":{"self":[{"href":"https:\/\/nurtep.atolyework.net\/index.php?rest_route=\/wp\/v2\/pages\/35529","targetHints":{"allow":["GET"]}}],"collection":[{"href":"https:\/\/nurtep.atolyework.net\/index.php?rest_route=\/wp\/v2\/pages"}],"about":[{"href":"https:\/\/nurtep.atolyework.net\/index.php?rest_route=\/wp\/v2\/types\/page"}],"author":[{"embeddable":true,"href":"https:\/\/nurtep.atolyework.net\/index.php?rest_route=\/wp\/v2\/users\/1"}],"replies":[{"embeddable":true,"href":"https:\/\/nurtep.atolyework.net\/index.php?rest_route=%2Fwp%2Fv2%2Fcomments&post=35529"}],"version-history":[{"count":11,"href":"https:\/\/nurtep.atolyework.net\/index.php?rest_route=\/wp\/v2\/pages\/35529\/revisions"}],"predecessor-version":[{"id":35629,"href":"https:\/\/nurtep.atolyework.net\/index.php?rest_route=\/wp\/v2\/pages\/35529\/revisions\/35629"}],"wp:attachment":[{"href":"https:\/\/nurtep.atolyework.net\/index.php?rest_route=%2Fwp%2Fv2%2Fmedia&parent=35529"}],"curies":[{"name":"wp","href":"https:\/\/api.w.org\/{rel}","templated":true}]}}