{"id":34720,"date":"2025-03-17T06:17:48","date_gmt":"2025-03-17T06:17:48","guid":{"rendered":"https:\/\/nurtep.atolyework.net\/?page_id=34720"},"modified":"2025-05-21T19:20:01","modified_gmt":"2025-05-21T19:20:01","slug":"anasayfa","status":"publish","type":"page","link":"https:\/\/nurtep.atolyework.net\/","title":{"rendered":"Anasayfa"},"content":{"rendered":"<div class=\"wpb-content-wrapper\"><p>[vc_row css=&#8221;.vc_custom_1736424449216{margin-bottom: 0px !important;}&#8221; wd_z_index=&#8221;no&#8221; woodmart_css_id=&#8221;677fbbfd5baa2&#8243; responsive_spacing=&#8221;eyJwYXJhbV90eXBlIjoid29vZG1hcnRfcmVzcG9uc2l2ZV9zcGFjaW5nIiwic2VsZWN0b3JfaWQiOiI2NzdmYmJmZDViYWEyIiwic2hvcnRjb2RlIjoidmNfcm93IiwiZGF0YSI6eyJ0YWJsZXQiOnt9LCJtb2JpbGUiOnt9fX0=&#8221; mobile_bg_img_hidden=&#8221;no&#8221; tablet_bg_img_hidden=&#8221;no&#8221; woodmart_parallax=&#8221;0&#8243; woodmart_gradient_switch=&#8221;no&#8221; row_reverse_mobile=&#8221;0&#8243; row_reverse_tablet=&#8221;0&#8243; woodmart_disable_overflow=&#8221;0&#8243; woodmart_box_shadow=&#8221;no&#8221;][vc_column 0=&#8221;&#8221;]\n\t\t\t\t<p class=\"rs-p-wp-fix\"><\/p>\n\t\t\t\t<sr7-module data-alias=\"anasayfa\" data-id=\"10\" id=\"SR7_10_1\" class=\"rs-ov-hidden\" data-version=\"6.7.35\">\n\t\t\t\t\t<sr7-adjuster><\/sr7-adjuster>\n\t\t\t\t\t<sr7-content>\n\t\t\t\t\t\t<sr7-slide id=\"SR7_10_1-90\" data-key=\"90\">\n\t\t\t\t\t\t\t<sr7-bg id=\"SR7_10_1-90-84\" class=\"sr7-layer\"><noscript><img decoding=\"async\" src=\"https:\/\/nurtep.atolyework.net\/wp-content\/uploads\/2025\/07\/03_final_YAPI.jpg\" alt=\"\" title=\"03_final_YAPI\"><\/noscript><\/sr7-bg>\n\t\t\t\t\t\t\t<a id=\"SR7_10_1-90-3\" class=\"sr7-layer\" href=\"\/yapi\/\" target=\"_self\">Hakk\u0131m\u0131zda<\/a>\n\t\t\t\t\t\t\t<sr7-txt id=\"SR7_10_1-90-19\" class=\"sr7-layer\">G\u00fcvenden \u0130lham<br \/> Alan Mimari<\/sr7-txt>\n\t\t\t\t\t\t<\/sr7-slide>\n\t\t\t\t\t\t<sr7-slide id=\"SR7_10_1-96\" data-key=\"96\">\n\t\t\t\t\t\t\t<sr7-bg id=\"SR7_10_1-96-84\" class=\"sr7-layer\"><noscript><img decoding=\"async\" src=\"https:\/\/nurtep.atolyework.net\/wp-content\/uploads\/2025\/07\/02_final_YAPI-1.jpg\" alt=\"\" title=\"02_final_YAPI\"><\/noscript><\/sr7-bg>\n\t\t\t\t\t\t\t<a id=\"SR7_10_1-96-4\" class=\"sr7-layer\" href=\"\/devam-eden-projeler\/\" target=\"_self\">Devam Eden Projeler<\/a>\n\t\t\t\t\t\t\t<sr7-txt id=\"SR7_10_1-96-19\" class=\"sr7-layer\">\u015eehrin Kalbinde, <br \/>Hayallerin \u00d6tesinde<\/sr7-txt>\n\t\t\t\t\t\t<\/sr7-slide>\n\t\t\t\t\t\t<sr7-slide id=\"SR7_10_1-91\" data-key=\"91\">\n\t\t\t\t\t\t\t<sr7-bg id=\"SR7_10_1-91-84\" class=\"sr7-layer\"><noscript><img decoding=\"async\" src=\"https:\/\/nurtep.atolyework.net\/wp-content\/uploads\/2025\/07\/04_final_YAPI.jpg\" alt=\"Yar\u0131n\u0131n ya\u015fam\u0131, bug\u00fcn\u00fcn projesi\" title=\"Yar\u0131n\u0131n ya\u015fam\u0131, bug\u00fcn\u00fcn projesi\"><\/noscript><\/sr7-bg>\n\t\t\t\t\t\t\t<a id=\"SR7_10_1-91-4\" class=\"sr7-layer\" href=\"\/tamamlanan-projeler\/\" target=\"_self\">Tamamlanan Projeler<\/a>\n\t\t\t\t\t\t\t<sr7-txt id=\"SR7_10_1-91-19\" class=\"sr7-layer\">Yar\u0131n\u0131n Ya\u015fam\u0131, <br \/>Bug\u00fcn\u00fcn Projesi<\/sr7-txt>\n\t\t\t\t\t\t<\/sr7-slide>\n\t\t\t\t\t\t<sr7-slide id=\"SR7_10_1-87\" data-key=\"87\">\n\t\t\t\t\t\t\t<a id=\"SR7_10_1-87-8\" class=\"sr7-layer\" href=\"https:\/\/www.facebook.com\/\" target=\"_blank\" rel=\"noopener\">facebook<\/a>\n\t\t\t\t\t\t\t<a id=\"SR7_10_1-87-9\" class=\"sr7-layer\" href=\"https:\/\/www.instagram.com\/\" target=\"_blank\" rel=\"noopener\">instagram<\/a>\n\t\t\t\t\t\t\t<a id=\"SR7_10_1-87-10\" class=\"sr7-layer\" href=\"https:\/\/www.youtube.com\/\" target=\"_blank\" rel=\"noopener\">youtube<\/a>\n\t\t\t\t\t\t\t<sr7-txt id=\"SR7_10_1-87-20\" class=\"sr7-layer\"><span><\/span><span><\/span><span><\/span><\/sr7-txt>\n\t\t\t\t\t\t<\/sr7-slide>\n\t\t\t\t\t<\/sr7-content>\n\t\t\t\t\t<image_lists style=\"display:none\">\n\t\t\t\t\t\t<img data-src=\"\/\/nurtep.atolyework.net\/wp-content\/uploads\/2025\/07\/01_mobil_GENEL.jpg\" data-libid=\"35549\" data-lib=\"medialibrary\" title=\"01_mobil_GENEL\" width=\"0\" height=\"0\" data-dbsrc=\"Ly9udXJ0ZXAuYXRvbHlld29yay5uZXQvd3AtY29udGVudC91cGxvYWRzLzIwMjUvMDcvMDFfbW9iaWxfR0VORUwuanBn\"\/>\n\t\t\t\t\t\t<img data-src=\"\/\/nurtep.atolyework.net\/wp-content\/uploads\/revslider\/yummy-burgers\/shadow.png\" data-libid=\"34300\" data-lib=\"medialibrary\" title=\"shadow.png\" width=\"0\" height=\"0\" data-dbsrc=\"Ly9udXJ0ZXAuYXRvbHlld29yay5uZXQvd3AtY29udGVudC91cGxvYWRzL3JldnNsaWRlci95dW1teS1idXJnZXJzL3NoYWRvdy5wbmc=\"\/>\n\t\t\t\t\t\t<img data-src=\"\/\/nurtep.atolyework.net\/wp-content\/uploads\/2025\/03\/otomotiv_insanlar_02-2.png\" data-libid=\"34768\" data-lib=\"medialibrary\" title=\"otomotiv_insanlar_02\" width=\"0\" height=\"0\" data-dbsrc=\"Ly9udXJ0ZXAuYXRvbHlld29yay5uZXQvd3AtY29udGVudC91cGxvYWRzLzIwMjUvMDMvb3RvbW90aXZfaW5zYW5sYXJfMDItMi5wbmc=\"\/>\n\t\t\t\t\t\t<img data-src=\"\/\/nurtep.atolyework.net\/wp-content\/uploads\/2025\/07\/final_GENEL.jpg\" data-libid=\"35550\" data-lib=\"medialibrary\" title=\"final_GENEL\" width=\"0\" height=\"0\" data-dbsrc=\"Ly9udXJ0ZXAuYXRvbHlld29yay5uZXQvd3AtY29udGVudC91cGxvYWRzLzIwMjUvMDcvZmluYWxfR0VORUwuanBn\"\/>\n\t\t\t\t\t\t<img data-src=\"\/\/nurtep.atolyework.net\/wp-content\/uploads\/2025\/05\/yeni_01_mobil_CEO.jpg\" data-libid=\"35487\" data-lib=\"medialibrary\" title=\"yeni_01_mobil_CEO\" width=\"0\" height=\"0\" data-dbsrc=\"Ly9udXJ0ZXAuYXRvbHlld29yay5uZXQvd3AtY29udGVudC91cGxvYWRzLzIwMjUvMDUveWVuaV8wMV9tb2JpbF9DRU8uanBn\"\/>\n\t\t\t\t\t\t<img data-src=\"\/\/nurtep.atolyework.net\/wp-content\/uploads\/2025\/05\/yeni_final_CEO.jpg\" data-libid=\"35486\" data-lib=\"medialibrary\" title=\"yeni_final_CEO\" width=\"0\" height=\"0\" data-dbsrc=\"Ly9udXJ0ZXAuYXRvbHlld29yay5uZXQvd3AtY29udGVudC91cGxvYWRzLzIwMjUvMDUveWVuaV9maW5hbF9DRU8uanBn\"\/>\n\t\t\t\t\t\t<img data-src=\"\/\/nurtep.atolyework.net\/wp-content\/uploads\/2025\/07\/03_mobil_YAPI.jpg\" data-libid=\"35622\" data-lib=\"medialibrary\" title=\"03_mobil_YAPI\" width=\"0\" height=\"0\" data-dbsrc=\"Ly9udXJ0ZXAuYXRvbHlld29yay5uZXQvd3AtY29udGVudC91cGxvYWRzLzIwMjUvMDcvMDNfbW9iaWxfWUFQSS5qcGc=\"\/>\n\t\t\t\t\t\t<img data-src=\"\/\/nurtep.atolyework.net\/wp-content\/uploads\/2025\/07\/03_final_YAPI.jpg\" data-libid=\"35621\" data-lib=\"medialibrary\" title=\"03_final_YAPI\" width=\"0\" height=\"0\" data-dbsrc=\"Ly9udXJ0ZXAuYXRvbHlld29yay5uZXQvd3AtY29udGVudC91cGxvYWRzLzIwMjUvMDcvMDNfZmluYWxfWUFQSS5qcGc=\"\/>\n\t\t\t\t\t\t<img data-src=\"\/\/nurtep.atolyework.net\/wp-content\/uploads\/2025\/07\/04_mobil_YAPI.jpg\" data-libid=\"35624\" data-lib=\"medialibrary\" title=\"04_mobil_YAPI\" width=\"0\" height=\"0\" data-dbsrc=\"Ly9udXJ0ZXAuYXRvbHlld29yay5uZXQvd3AtY29udGVudC91cGxvYWRzLzIwMjUvMDcvMDRfbW9iaWxfWUFQSS5qcGc=\"\/>\n\t\t\t\t\t\t<img data-src=\"\/\/nurtep.atolyework.net\/wp-content\/uploads\/2025\/07\/04_final_YAPI.jpg\" data-libid=\"35623\" data-lib=\"medialibrary\" alt=\"Yar\u0131n\u0131n ya\u015fam\u0131, bug\u00fcn\u00fcn projesi\" title=\"Yar\u0131n\u0131n ya\u015fam\u0131, bug\u00fcn\u00fcn projesi\" width=\"0\" height=\"0\" data-dbsrc=\"Ly9udXJ0ZXAuYXRvbHlld29yay5uZXQvd3AtY29udGVudC91cGxvYWRzLzIwMjUvMDcvMDRfZmluYWxfWUFQSS5qcGc=\"\/>\n\t\t\t\t\t\t<img data-src=\"\/\/nurtep.atolyework.net\/wp-content\/uploads\/2025\/05\/01_mobil_GAYRIMENKUL-1.jpg\" data-libid=\"35437\" data-lib=\"medialibrary\" title=\"01_mobil_GAYRIMENKUL\" width=\"0\" height=\"0\" data-dbsrc=\"Ly9udXJ0ZXAuYXRvbHlld29yay5uZXQvd3AtY29udGVudC91cGxvYWRzLzIwMjUvMDUvMDFfbW9iaWxfR0FZUklNRU5LVUwtMS5qcGc=\"\/>\n\t\t\t\t\t\t<img data-src=\"\/\/nurtep.atolyework.net\/wp-content\/uploads\/2025\/05\/final_GAYRIMENKUL.jpg\" data-libid=\"35384\" data-lib=\"medialibrary\" title=\"final_GAYRIMENKUL\" width=\"0\" height=\"0\" data-dbsrc=\"Ly9udXJ0ZXAuYXRvbHlld29yay5uZXQvd3AtY29udGVudC91cGxvYWRzLzIwMjUvMDUvZmluYWxfR0FZUklNRU5LVUwuanBn\"\/>\n\t\t\t\t\t\t<img data-src=\"\/\/nurtep.atolyework.net\/wp-content\/uploads\/2025\/05\/01_mobil_SIGORTA-1.jpg\" data-libid=\"35438\" data-lib=\"medialibrary\" title=\"01_mobil_SIGORTA\" width=\"0\" height=\"0\" data-dbsrc=\"Ly9udXJ0ZXAuYXRvbHlld29yay5uZXQvd3AtY29udGVudC91cGxvYWRzLzIwMjUvMDUvMDFfbW9iaWxfU0lHT1JUQS0xLmpwZw==\"\/>\n\t\t\t\t\t\t<img data-src=\"\/\/nurtep.atolyework.net\/wp-content\/uploads\/2025\/05\/final_SIGORTA.jpg\" data-libid=\"35386\" data-lib=\"medialibrary\" title=\"final_SIGORTA\" width=\"0\" height=\"0\" data-dbsrc=\"Ly9udXJ0ZXAuYXRvbHlld29yay5uZXQvd3AtY29udGVudC91cGxvYWRzLzIwMjUvMDUvZmluYWxfU0lHT1JUQS5qcGc=\"\/>\n\t\t\t\t\t\t<img data-src=\"\/\/nurtep.atolyework.net\/wp-content\/uploads\/2025\/05\/01_mobil_OTOMOTIV-1.jpg\" data-libid=\"35436\" data-lib=\"medialibrary\" title=\"01_mobil_OTOMOTIV\" width=\"0\" height=\"0\" data-dbsrc=\"Ly9udXJ0ZXAuYXRvbHlld29yay5uZXQvd3AtY29udGVudC91cGxvYWRzLzIwMjUvMDUvMDFfbW9iaWxfT1RPTU9USVYtMS5qcGc=\"\/>\n\t\t\t\t\t\t<img data-src=\"\/\/nurtep.atolyework.net\/wp-content\/uploads\/2025\/05\/final_OTOMOTIV.jpg\" data-libid=\"35375\" data-lib=\"medialibrary\" title=\"final_OTOMOTIV\" width=\"0\" height=\"0\" data-dbsrc=\"Ly9udXJ0ZXAuYXRvbHlld29yay5uZXQvd3AtY29udGVudC91cGxvYWRzLzIwMjUvMDUvZmluYWxfT1RPTU9USVYuanBn\"\/>\n\t\t\t\t\t\t<img data-src=\"\/\/nurtep.atolyework.net\/wp-content\/uploads\/2025\/07\/02_mobil_YAPI-1.jpg\" data-libid=\"35627\" data-lib=\"medialibrary\" title=\"02_mobil_YAPI\" width=\"0\" height=\"0\" data-dbsrc=\"Ly9udXJ0ZXAuYXRvbHlld29yay5uZXQvd3AtY29udGVudC91cGxvYWRzLzIwMjUvMDcvMDJfbW9iaWxfWUFQSS0xLmpwZw==\"\/>\n\t\t\t\t\t\t<img data-src=\"\/\/nurtep.atolyework.net\/wp-content\/uploads\/2025\/07\/02_final_YAPI-1.jpg\" data-libid=\"35626\" data-lib=\"medialibrary\" title=\"02_final_YAPI\" width=\"0\" height=\"0\" data-dbsrc=\"Ly9udXJ0ZXAuYXRvbHlld29yay5uZXQvd3AtY29udGVudC91cGxvYWRzLzIwMjUvMDcvMDJfZmluYWxfWUFQSS0xLmpwZw==\"\/>\n\t\t\t\t\t<\/image_lists>\n\t\t\t\t<\/sr7-module>\n\t\t\t\t<script>\n\t\t\t\t\tSR7.PMH ??={}; SR7.PMH[\"SR7_10_1\"] = {cn:100,state:false,fn: function() { if (_tpt!==undefined && _tpt.prepareModuleHeight !== undefined) {  _tpt.prepareModuleHeight({id:\"SR7_10_1\",el:[900,900,768,960,720],type:'standard',shdw:'0',gh:[900,900,768,960,720],gw:[1240,1240,1024,778,480],vpt:['-100px&#039;,&#039;-100px&#039;,&#039;-100px&#039;,&#039;-100px&#039;,&#039;-100px'],size:{fullWidth:true, fullHeight:true},fho:'',mh:'0',onh:0,onw:0,bg:{color:'{\"orig\":\"transparent\",\"type\":\"solid\",\"string\":\"transparent\"}'}});   SR7.PMH[\"SR7_10_1\"].state=true;} else if(SR7.PMH[\"SR7_10_1\"].cn-->0)\tsetTimeout( SR7.PMH[\"SR7_10_1\"].fn,19);}};SR7.PMH[\"SR7_10_1\" ].fn();\n\t\t\t\t<\/script>\n[\/vc_column][\/vc_row]<\/p>\n<\/div>","protected":false},"excerpt":{"rendered":"<p>[vc_row css=&#8221;.vc_custom_1736424449216{margin-bottom: 0px !important;}&#8221; wd_z_index=&#8221;no&#8221; woodmart_css_id=&#8221;677fbbfd5baa2&#8243; responsive_spacing=&#8221;eyJwYXJhbV90eXBlIjoid29vZG1hcnRfcmVzcG9uc2l2ZV9zcGFjaW5nIiwic2VsZWN0b3JfaWQiOiI2NzdmYmJmZDViYWEyIiwic2hvcnRjb2RlIjoidmNfcm93IiwiZGF0YSI6eyJ0YWJsZXQiOnt9LCJtb2JpbGUiOnt9fX0=&#8221; mobile_bg_img_hidden=&#8221;no&#8221; tablet_bg_img_hidden=&#8221;no&#8221; woodmart_parallax=&#8221;0&#8243; woodmart_gradient_switch=&#8221;no&#8221; row_reverse_mobile=&#8221;0&#8243; row_reverse_tablet=&#8221;0&#8243; woodmart_disable_overflow=&#8221;0&#8243; woodmart_box_shadow=&#8221;no&#8221;][vc_column 0=&#8221;&#8221;][\/vc_column][\/vc_row]<\/p>\n","protected":false},"author":1,"featured_media":0,"parent":0,"menu_order":0,"comment_status":"closed","ping_status":"closed","template":"","meta":{"footnotes":""},"class_list":["post-34720","page","type-page","status-publish","hentry"],"_links":{"self":[{"href":"https:\/\/nurtep.atolyework.net\/index.php?rest_route=\/wp\/v2\/pages\/34720","targetHints":{"allow":["GET"]}}],"collection":[{"href":"https:\/\/nurtep.atolyework.net\/index.php?rest_route=\/wp\/v2\/pages"}],"about":[{"href":"https:\/\/nurtep.atolyework.net\/index.php?rest_route=\/wp\/v2\/types\/page"}],"author":[{"embeddable":true,"href":"https:\/\/nurtep.atolyework.net\/index.php?rest_route=\/wp\/v2\/users\/1"}],"replies":[{"embeddable":true,"href":"https:\/\/nurtep.atolyework.net\/index.php?rest_route=%2Fwp%2Fv2%2Fcomments&post=34720"}],"version-history":[{"count":8,"href":"https:\/\/nurtep.atolyework.net\/index.php?rest_route=\/wp\/v2\/pages\/34720\/revisions"}],"predecessor-version":[{"id":35454,"href":"https:\/\/nurtep.atolyework.net\/index.php?rest_route=\/wp\/v2\/pages\/34720\/revisions\/35454"}],"wp:attachment":[{"href":"https:\/\/nurtep.atolyework.net\/index.php?rest_route=%2Fwp%2Fv2%2Fmedia&parent=34720"}],"curies":[{"name":"wp","href":"https:\/\/api.w.org\/{rel}","templated":true}]}}