{"id":34515,"date":"2025-02-02T20:55:12","date_gmt":"2025-02-02T20:55:12","guid":{"rendered":"https:\/\/nurtep.atolyework.net\/?page_id=34515"},"modified":"2025-05-07T20:57:25","modified_gmt":"2025-05-07T20:57:25","slug":"sigorta","status":"publish","type":"page","link":"https:\/\/nurtep.atolyework.net\/?page_id=34515","title":{"rendered":"Sigorta"},"content":{"rendered":"<div class=\"wpb-content-wrapper\"><p>[vc_row][vc_column]\n\t\t<div id=\"wd-67f7df7475361\" class=\"title-wrapper wd-wpb wd-set-mb reset-last-child  wd-rs-67f7df7475361 wd-title-color-default wd-title-style-default text-center  wd-underline-colored\">\n\t\t\t\n\t\t\t<div class=\"liner-continer\">\n\t\t\t\t<h4 class=\"woodmart-title-container title  wd-font-weight-700 wd-fontsize-l\" >\u00d6zk\u0131l\u0131\u00e7 Group, hayat\u0131n dokundu\u011fu alanlarda yenilik\u00e7i sigortac\u0131l\u0131k \u00e7\u00f6z\u00fcmleri \u00fcretmek, ya\u015fam\u0131 \u00f6zenle korumak ve gelece\u011fine g\u00fcvenle dokunmas\u0131n\u0131 sa\u011flamak \u00fczere sigorta acenteli\u011fine 2012 y\u0131l\u0131nda kurdu\u011fu Gaban Sigorta ile devam ediyor.<\/h4>\n\t\t\t\t\t\t\t<\/div>\n\t\t\t\n\t\t\t\n\t\t\t\n\t\t<\/div>\n\t\t\n\t\t[\/vc_column][\/vc_row][vc_row full_width=&#8221;stretch_row_content&#8221; content_placement=&#8221;middle&#8221; woodmart_css_id=&#8221;67f5a0cb28126&#8243; responsive_spacing=&#8221;eyJwYXJhbV90eXBlIjoid29vZG1hcnRfcmVzcG9uc2l2ZV9zcGFjaW5nIiwic2VsZWN0b3JfaWQiOiI2N2Y1YTBjYjI4MTI2Iiwic2hvcnRjb2RlIjoidmNfcm93IiwiZGF0YSI6eyJ0YWJsZXQiOnt9LCJtb2JpbGUiOnt9fX0=&#8221; mobile_bg_img_hidden=&#8221;no&#8221; tablet_bg_img_hidden=&#8221;no&#8221; woodmart_parallax=&#8221;0&#8243; woodmart_gradient_switch=&#8221;no&#8221; woodmart_box_shadow=&#8221;no&#8221; wd_z_index=&#8221;no&#8221; woodmart_disable_overflow=&#8221;0&#8243; row_reverse_mobile=&#8221;0&#8243; row_reverse_tablet=&#8221;0&#8243;][vc_column width=&#8221;1\/2&#8243; css=&#8221;.vc_custom_1746651440391{padding-top: 80px !important;padding-bottom: 40px !important;background-position: center !important;background-repeat: no-repeat !important;background-size: cover !important;}&#8221; woodmart_css_id=&#8221;681bc92c91d97&#8243; parallax_scroll=&#8221;no&#8221; woodmart_sticky_column=&#8221;false&#8221; wd_collapsible_content_switcher=&#8221;no&#8221; mobile_bg_img_hidden=&#8221;no&#8221; tablet_bg_img_hidden=&#8221;no&#8221; woodmart_parallax=&#8221;0&#8243; woodmart_box_shadow=&#8221;no&#8221; mobile_reset_margin=&#8221;no&#8221; tablet_reset_margin=&#8221;no&#8221; wd_z_index=&#8221;no&#8221; responsive_spacing=&#8221;eyJwYXJhbV90eXBlIjoid29vZG1hcnRfcmVzcG9uc2l2ZV9zcGFjaW5nIiwic2VsZWN0b3JfaWQiOiI2ODFiYzkyYzkxZDk3Iiwic2hvcnRjb2RlIjoidmNfY29sdW1uIiwiZGF0YSI6eyJ0YWJsZXQiOnt9LCJtb2JpbGUiOnsicGFkZGluZy10b3AiOiI2MHB4IiwicGFkZGluZy1ib3R0b20iOiIyMHB4In19fQ==&#8221; wd_column_role_offcanvas_desktop=&#8221;no&#8221; wd_column_role_offcanvas_tablet=&#8221;no&#8221; wd_column_role_offcanvas_mobile=&#8221;no&#8221; wd_column_role_content_desktop=&#8221;no&#8221; wd_column_role_content_tablet=&#8221;no&#8221; wd_column_role_content_mobile=&#8221;no&#8221;]\t\t<div id=\"wd-681bc915486ac\" data-parallax='{\"y\":\"-80\",\"smoothness\":\"30\"}' class=\"wd-image wd-wpb wd-rs-681bc915486ac text-right vc_custom_1746651433953\">\n\t\t\t\n\t\t\t<img loading=\"lazy\" decoding=\"async\" width=\"951\" height=\"761\" src=\"https:\/\/nurtep.atolyework.net\/wp-content\/uploads\/2025\/04\/SIGORTA_02-1.jpg\" class=\"attachment-full size-full\" alt=\"\" srcset=\"https:\/\/nurtep.atolyework.net\/wp-content\/uploads\/2025\/04\/SIGORTA_02-1.jpg 951w, https:\/\/nurtep.atolyework.net\/wp-content\/uploads\/2025\/04\/SIGORTA_02-1-375x300.jpg 375w, https:\/\/nurtep.atolyework.net\/wp-content\/uploads\/2025\/04\/SIGORTA_02-1-768x615.jpg 768w\" sizes=\"auto, (max-width: 951px) 100vw, 951px\" \/>\n\t\t\t\t\t<\/div>\n\t\t[\/vc_column][vc_column width=&#8221;1\/2&#8243; scroll_x=&#8221;0&#8243; scroll_y=&#8221;80&#8243; scroll_z=&#8221;0&#8243; parallax_scroll=&#8221;yes&#8221; css=&#8221;.vc_custom_1636992874687{padding-top: 80px !important;padding-right: 15% !important;padding-bottom: 80px !important;padding-left: 15% !important;}&#8221; woodmart_css_id=&#8221;6192876412581&#8243; woodmart_sticky_column=&#8221;false&#8221; wd_collapsible_content_switcher=&#8221;no&#8221; mobile_bg_img_hidden=&#8221;no&#8221; tablet_bg_img_hidden=&#8221;no&#8221; woodmart_parallax=&#8221;0&#8243; woodmart_box_shadow=&#8221;no&#8221; mobile_reset_margin=&#8221;no&#8221; tablet_reset_margin=&#8221;no&#8221; wd_z_index=&#8221;no&#8221; responsive_spacing=&#8221;eyJwYXJhbV90eXBlIjoid29vZG1hcnRfcmVzcG9uc2l2ZV9zcGFjaW5nIiwic2VsZWN0b3JfaWQiOiI2MTkyODc2NDEyNTgxIiwic2hvcnRjb2RlIjoidmNfY29sdW1uIiwiZGF0YSI6eyJ0YWJsZXQiOnt9LCJtb2JpbGUiOnsicGFkZGluZy10b3AiOiI2MHB4IiwicGFkZGluZy1ib3R0b20iOiI2MHB4In19fQ==&#8221;]\t\t<div id=\"wd-68179be9d0f7f\" class=\"wd-image wd-wpb wd-rs-68179be9d0f7f text-center \">\n\t\t\t\n\t\t\t<img decoding=\"async\"  src=\"https:\/\/nurtep.atolyework.net\/wp-content\/uploads\/2025\/03\/gaban-sigorta-logo.svg\" title=\"gaban-sigorta-logo\" loading=\"lazy\" width=\"250\" height=\"107\">\n\t\t\t\t\t<\/div>\n\t\t[vc_column_text css=&#8221;&#8221; woodmart_inline=&#8221;no&#8221; text_larger=&#8221;no&#8221;]<\/p>\n<p style=\"text-align: center;\">Sigorta acenteli\u011fi faaliyeti ger\u00e7ekle\u015ftirmek \u00fczere 2012 y\u0131l\u0131nda kurulan Gaban Sigorta, kuruldu\u011fu g\u00fcnden bu g\u00fcne t\u00fcm sekt\u00f6rlerdeki m\u00fc\u015fteri odakl\u0131 hizmet anlay\u0131\u015f\u0131 ile geli\u015fimini devam ettirerek, sekt\u00f6r\u00fcn\u00fcn \u00f6nc\u00fc firmalar\u0131yla hizmet vermektedir.<\/p>\n<p>[\/vc_column_text][\/vc_column][\/vc_row]<\/p>\n<\/div>","protected":false},"excerpt":{"rendered":"<p>[vc_row][vc_column][\/vc_column][\/vc_row][vc_row full_width=&#8221;stretch_row_content&#8221; content_placement=&#8221;middle&#8221; woodmart_css_id=&#8221;67f5a0cb28126&#8243; responsive_spacing=&#8221;eyJwYXJhbV90eXBlIjoid29vZG1hcnRfcmVzcG9uc2l2ZV9zcGFjaW5nIiwic2VsZWN0b3JfaWQiOiI2N2Y1YTBjYjI4MTI2Iiwic2hvcnRjb2RlIjoidmNfcm93IiwiZGF0YSI6eyJ0YWJsZXQiOnt9LCJtb2JpbGUiOnt9fX0=&#8221; mobile_bg_img_hidden=&#8221;no&#8221; tablet_bg_img_hidden=&#8221;no&#8221; woodmart_parallax=&#8221;0&#8243; woodmart_gradient_switch=&#8221;no&#8221; woodmart_box_shadow=&#8221;no&#8221; wd_z_index=&#8221;no&#8221; woodmart_disable_overflow=&#8221;0&#8243; row_reverse_mobile=&#8221;0&#8243; row_reverse_tablet=&#8221;0&#8243;][vc_column width=&#8221;1\/2&#8243; css=&#8221;.vc_custom_1746651440391{padding-top: 80px !important;padding-bottom: 40px !important;background-position:<\/p>\n","protected":false},"author":1,"featured_media":0,"parent":0,"menu_order":0,"comment_status":"closed","ping_status":"closed","template":"","meta":{"footnotes":""},"class_list":["post-34515","page","type-page","status-publish","hentry"],"_links":{"self":[{"href":"https:\/\/nurtep.atolyework.net\/index.php?rest_route=\/wp\/v2\/pages\/34515","targetHints":{"allow":["GET"]}}],"collection":[{"href":"https:\/\/nurtep.atolyework.net\/index.php?rest_route=\/wp\/v2\/pages"}],"about":[{"href":"https:\/\/nurtep.atolyework.net\/index.php?rest_route=\/wp\/v2\/types\/page"}],"author":[{"embeddable":true,"href":"https:\/\/nurtep.atolyework.net\/index.php?rest_route=\/wp\/v2\/users\/1"}],"replies":[{"embeddable":true,"href":"https:\/\/nurtep.atolyework.net\/index.php?rest_route=%2Fwp%2Fv2%2Fcomments&post=34515"}],"version-history":[{"count":21,"href":"https:\/\/nurtep.atolyework.net\/index.php?rest_route=\/wp\/v2\/pages\/34515\/revisions"}],"predecessor-version":[{"id":35420,"href":"https:\/\/nurtep.atolyework.net\/index.php?rest_route=\/wp\/v2\/pages\/34515\/revisions\/35420"}],"wp:attachment":[{"href":"https:\/\/nurtep.atolyework.net\/index.php?rest_route=%2Fwp%2Fv2%2Fmedia&parent=34515"}],"curies":[{"name":"wp","href":"https:\/\/api.w.org\/{rel}","templated":true}]}}