{"id":34501,"date":"2025-02-02T20:41:40","date_gmt":"2025-02-02T20:41:40","guid":{"rendered":"https:\/\/nurtep.atolyework.net\/?page_id=34501"},"modified":"2025-05-07T20:56:22","modified_gmt":"2025-05-07T20:56:22","slug":"gayrimenkul","status":"publish","type":"page","link":"https:\/\/nurtep.atolyework.net\/?page_id=34501","title":{"rendered":"Gayrimenkul"},"content":{"rendered":"<div class=\"wpb-content-wrapper\"><p>[vc_row][vc_column]\n\t\t<div id=\"wd-67f3dd8a87745\" class=\"title-wrapper wd-wpb wd-set-mb reset-last-child  wd-rs-67f3dd8a87745 wd-title-color-default wd-title-style-default text-center  wd-underline-colored\">\n\t\t\t\n\t\t\t<div class=\"liner-continer\">\n\t\t\t\t<h4 class=\"woodmart-title-container title  wd-font-weight-700 wd-fontsize-l\" >D\u00fcnyan\u0131n ve \u00fclkemizin \u00f6nde gelen perakende ve AVM markalar\u0131n\u0131 b\u00f6lgesine kazand\u0131rmak i\u00e7in 2001 y\u0131l\u0131nda gayrimenkul geli\u015ftirme sekt\u00f6r\u00fcnde yenilik\u00e7i ve giri\u015fim odakl\u0131 \u00e7\u00f6z\u00fcmler sunan \u00d6zk\u0131l\u0131\u00e7 Group, topra\u011fa ve insana de\u011fer katmaya devam ediyor. Gelece\u011fe marka eserler kazand\u0131rma vizyonu ve kurumsal y\u00f6netim anlay\u0131\u015f\u0131 ile 2012 y\u0131l\u0131nda Gaban Gayrimenkul kuruluyor.<\/h4>\n\t\t\t\t\t\t\t<\/div>\n\t\t\t\n\t\t\t\n\t\t\t\n\t\t<\/div>\n\t\t\n\t\t[\/vc_column][\/vc_row][vc_row full_width=&#8221;stretch_row_content&#8221; content_placement=&#8221;middle&#8221; woodmart_css_id=&#8221;67f5a0cb28126&#8243; responsive_spacing=&#8221;eyJwYXJhbV90eXBlIjoid29vZG1hcnRfcmVzcG9uc2l2ZV9zcGFjaW5nIiwic2VsZWN0b3JfaWQiOiI2N2Y1YTBjYjI4MTI2Iiwic2hvcnRjb2RlIjoidmNfcm93IiwiZGF0YSI6eyJ0YWJsZXQiOnt9LCJtb2JpbGUiOnt9fX0=&#8221; mobile_bg_img_hidden=&#8221;no&#8221; tablet_bg_img_hidden=&#8221;no&#8221; woodmart_parallax=&#8221;0&#8243; woodmart_gradient_switch=&#8221;no&#8221; woodmart_box_shadow=&#8221;no&#8221; wd_z_index=&#8221;no&#8221; woodmart_disable_overflow=&#8221;0&#8243; row_reverse_mobile=&#8221;0&#8243; row_reverse_tablet=&#8221;0&#8243;][vc_column width=&#8221;1\/2&#8243; css=&#8221;.vc_custom_1746651284077{padding-top: 80px !important;padding-bottom: 40px !important;background-position: center !important;background-repeat: no-repeat !important;background-size: cover !important;}&#8221; woodmart_css_id=&#8221;681bc89048c7e&#8221; parallax_scroll=&#8221;no&#8221; woodmart_sticky_column=&#8221;false&#8221; wd_collapsible_content_switcher=&#8221;no&#8221; mobile_bg_img_hidden=&#8221;no&#8221; tablet_bg_img_hidden=&#8221;no&#8221; woodmart_parallax=&#8221;0&#8243; woodmart_box_shadow=&#8221;no&#8221; mobile_reset_margin=&#8221;no&#8221; tablet_reset_margin=&#8221;no&#8221; wd_z_index=&#8221;no&#8221; responsive_spacing=&#8221;eyJwYXJhbV90eXBlIjoid29vZG1hcnRfcmVzcG9uc2l2ZV9zcGFjaW5nIiwic2VsZWN0b3JfaWQiOiI2ODFiYzg5MDQ4YzdlIiwic2hvcnRjb2RlIjoidmNfY29sdW1uIiwiZGF0YSI6eyJ0YWJsZXQiOnt9LCJtb2JpbGUiOnsicGFkZGluZy10b3AiOiI2MHB4IiwicGFkZGluZy1ib3R0b20iOiIyMHB4In19fQ==&#8221; wd_column_role_offcanvas_desktop=&#8221;no&#8221; wd_column_role_offcanvas_tablet=&#8221;no&#8221; wd_column_role_offcanvas_mobile=&#8221;no&#8221; wd_column_role_content_desktop=&#8221;no&#8221; wd_column_role_content_tablet=&#8221;no&#8221; wd_column_role_content_mobile=&#8221;no&#8221;]\t\t<div id=\"wd-681bc8d708a74\" data-parallax='{\"y\":\"-80\",\"smoothness\":\"30\"}' class=\"wd-image wd-wpb wd-rs-681bc8d708a74 text-right vc_custom_1746651361458\">\n\t\t\t\n\t\t\t<img loading=\"lazy\" decoding=\"async\" width=\"951\" height=\"761\" src=\"https:\/\/nurtep.atolyework.net\/wp-content\/uploads\/2025\/04\/GAYRIMENKUL_02-1.jpg\" class=\"attachment-full size-full\" alt=\"\" srcset=\"https:\/\/nurtep.atolyework.net\/wp-content\/uploads\/2025\/04\/GAYRIMENKUL_02-1.jpg 951w, https:\/\/nurtep.atolyework.net\/wp-content\/uploads\/2025\/04\/GAYRIMENKUL_02-1-375x300.jpg 375w, https:\/\/nurtep.atolyework.net\/wp-content\/uploads\/2025\/04\/GAYRIMENKUL_02-1-768x615.jpg 768w\" sizes=\"auto, (max-width: 951px) 100vw, 951px\" \/>\n\t\t\t\t\t<\/div>\n\t\t[\/vc_column][vc_column width=&#8221;1\/2&#8243; scroll_x=&#8221;0&#8243; scroll_y=&#8221;80&#8243; scroll_z=&#8221;0&#8243; parallax_scroll=&#8221;yes&#8221; css=&#8221;.vc_custom_1636992874687{padding-top: 80px !important;padding-right: 15% !important;padding-bottom: 80px !important;padding-left: 15% !important;}&#8221; woodmart_css_id=&#8221;6192876412581&#8243; woodmart_sticky_column=&#8221;false&#8221; wd_collapsible_content_switcher=&#8221;no&#8221; mobile_bg_img_hidden=&#8221;no&#8221; tablet_bg_img_hidden=&#8221;no&#8221; woodmart_parallax=&#8221;0&#8243; woodmart_box_shadow=&#8221;no&#8221; mobile_reset_margin=&#8221;no&#8221; tablet_reset_margin=&#8221;no&#8221; wd_z_index=&#8221;no&#8221; responsive_spacing=&#8221;eyJwYXJhbV90eXBlIjoid29vZG1hcnRfcmVzcG9uc2l2ZV9zcGFjaW5nIiwic2VsZWN0b3JfaWQiOiI2MTkyODc2NDEyNTgxIiwic2hvcnRjb2RlIjoidmNfY29sdW1uIiwiZGF0YSI6eyJ0YWJsZXQiOnt9LCJtb2JpbGUiOnsicGFkZGluZy10b3AiOiI2MHB4IiwicGFkZGluZy1ib3R0b20iOiI2MHB4In19fQ==&#8221;]\t\t<div id=\"wd-68179bc8ae753\" class=\"wd-image wd-wpb wd-rs-68179bc8ae753 text-center \">\n\t\t\t\n\t\t\t<img decoding=\"async\"  src=\"https:\/\/nurtep.atolyework.net\/wp-content\/uploads\/2025\/02\/gaban-gayrimenkul-black.svg\" title=\"gaban-gayrimenkul-black\" loading=\"lazy\" width=\"250\" height=\"107\">\n\t\t\t\t\t<\/div>\n\t\t[vc_column_text css=&#8221;&#8221; woodmart_inline=&#8221;no&#8221; text_larger=&#8221;no&#8221;]<\/p>\n<p style=\"text-align: center;\">Gayrimenkul geli\u015ftirme sekt\u00f6r\u00fcnde faaliyet g\u00f6stermek \u00fczere 2012 y\u0131l\u0131nda kurulan Gaban Gayrimenkul, b\u00f6lgesinde \u00f6nemli ve marka de\u011feri y\u00fcksek projeler ve yat\u0131r\u0131mlar ger\u00e7ekle\u015ftirmektedir.<\/p>\n<p>[\/vc_column_text][\/vc_column][\/vc_row]<\/p>\n<\/div>","protected":false},"excerpt":{"rendered":"<p>[vc_row][vc_column][\/vc_column][\/vc_row][vc_row full_width=&#8221;stretch_row_content&#8221; content_placement=&#8221;middle&#8221; woodmart_css_id=&#8221;67f5a0cb28126&#8243; responsive_spacing=&#8221;eyJwYXJhbV90eXBlIjoid29vZG1hcnRfcmVzcG9uc2l2ZV9zcGFjaW5nIiwic2VsZWN0b3JfaWQiOiI2N2Y1YTBjYjI4MTI2Iiwic2hvcnRjb2RlIjoidmNfcm93IiwiZGF0YSI6eyJ0YWJsZXQiOnt9LCJtb2JpbGUiOnt9fX0=&#8221; mobile_bg_img_hidden=&#8221;no&#8221; tablet_bg_img_hidden=&#8221;no&#8221; woodmart_parallax=&#8221;0&#8243; woodmart_gradient_switch=&#8221;no&#8221; woodmart_box_shadow=&#8221;no&#8221; wd_z_index=&#8221;no&#8221; woodmart_disable_overflow=&#8221;0&#8243; row_reverse_mobile=&#8221;0&#8243; row_reverse_tablet=&#8221;0&#8243;][vc_column width=&#8221;1\/2&#8243; css=&#8221;.vc_custom_1746651284077{padding-top: 80px !important;padding-bottom: 40px !important;background-position:<\/p>\n","protected":false},"author":1,"featured_media":0,"parent":0,"menu_order":0,"comment_status":"closed","ping_status":"closed","template":"","meta":{"footnotes":""},"class_list":["post-34501","page","type-page","status-publish","hentry"],"_links":{"self":[{"href":"https:\/\/nurtep.atolyework.net\/index.php?rest_route=\/wp\/v2\/pages\/34501","targetHints":{"allow":["GET"]}}],"collection":[{"href":"https:\/\/nurtep.atolyework.net\/index.php?rest_route=\/wp\/v2\/pages"}],"about":[{"href":"https:\/\/nurtep.atolyework.net\/index.php?rest_route=\/wp\/v2\/types\/page"}],"author":[{"embeddable":true,"href":"https:\/\/nurtep.atolyework.net\/index.php?rest_route=\/wp\/v2\/users\/1"}],"replies":[{"embeddable":true,"href":"https:\/\/nurtep.atolyework.net\/index.php?rest_route=%2Fwp%2Fv2%2Fcomments&post=34501"}],"version-history":[{"count":17,"href":"https:\/\/nurtep.atolyework.net\/index.php?rest_route=\/wp\/v2\/pages\/34501\/revisions"}],"predecessor-version":[{"id":35419,"href":"https:\/\/nurtep.atolyework.net\/index.php?rest_route=\/wp\/v2\/pages\/34501\/revisions\/35419"}],"wp:attachment":[{"href":"https:\/\/nurtep.atolyework.net\/index.php?rest_route=%2Fwp%2Fv2%2Fmedia&parent=34501"}],"curies":[{"name":"wp","href":"https:\/\/api.w.org\/{rel}","templated":true}]}}