{"id":34427,"date":"2025-01-13T19:12:22","date_gmt":"2025-01-13T19:12:22","guid":{"rendered":"https:\/\/nurtep.atolyework.net\/?page_id=34427"},"modified":"2025-05-07T20:53:52","modified_gmt":"2025-05-07T20:53:52","slug":"otomotiv","status":"publish","type":"page","link":"https:\/\/nurtep.atolyework.net\/?page_id=34427","title":{"rendered":"Otomotiv"},"content":{"rendered":"<div class=\"wpb-content-wrapper\"><p>[vc_row][vc_column]\n\t\t<div id=\"wd-67f3dd6a4fcc1\" class=\"title-wrapper wd-wpb wd-set-mb reset-last-child  wd-rs-67f3dd6a4fcc1 wd-title-color-default wd-title-style-default text-center  wd-underline-colored\">\n\t\t\t\n\t\t\t<div class=\"liner-continer\">\n\t\t\t\t<h4 class=\"woodmart-title-container title  wd-font-weight-700 wd-fontsize-xl\" >Gelece\u011fin teknolojilerini konfor ve s\u00fcrd\u00fcr\u00fclebilir \u00e7\u00f6z\u00fcmler ile sunan markalar\u0131n yetkili servis ve \u015fat\u0131\u015f temsilcili\u011fini y\u00fcr\u00fcten \u00d6zk\u0131l\u0131\u00e7 Group, otomotiv sekt\u00f6r\u00fcnde Isuzu ile ba\u015flad\u0131\u011f\u0131 de\u011fi\u015fim yolculu\u011funu bug\u00fcn d\u00fcnyan\u0131n ve \u00fclkemizin en yenilik\u00e7i markalar\u0131 olan Renault ve Dacia ile s\u00fcrd\u00fcr\u00fcyor. Ayn\u0131 zamanda elektrikli ara\u00e7lara y\u00f6nelik 2023-2024 y\u0131llar\u0131nda yo\u011fun alt yap\u0131 yat\u0131r\u0131mlar\u0131n\u0131 tamamlayan Group, Tesla gibi d\u00fcnyan\u0131n \u00f6nde gelen markas\u0131n\u0131n da yetkili at\u00f6lyesi olarak b\u00f6lgesinde bir ilki ger\u00e7ekle\u015ftirdi.<\/h4>\n\t\t\t\t\t\t\t<\/div>\n\t\t\t\n\t\t\t\n\t\t\t\n\t\t<\/div>\n\t\t\n\t\t[\/vc_column][\/vc_row][vc_row full_width=&#8221;stretch_row_content&#8221; content_placement=&#8221;middle&#8221; woodmart_css_id=&#8221;67f5a0cb28126&#8243; responsive_spacing=&#8221;eyJwYXJhbV90eXBlIjoid29vZG1hcnRfcmVzcG9uc2l2ZV9zcGFjaW5nIiwic2VsZWN0b3JfaWQiOiI2N2Y1YTBjYjI4MTI2Iiwic2hvcnRjb2RlIjoidmNfcm93IiwiZGF0YSI6eyJ0YWJsZXQiOnt9LCJtb2JpbGUiOnt9fX0=&#8221; mobile_bg_img_hidden=&#8221;no&#8221; tablet_bg_img_hidden=&#8221;no&#8221; woodmart_parallax=&#8221;0&#8243; woodmart_gradient_switch=&#8221;no&#8221; woodmart_box_shadow=&#8221;no&#8221; wd_z_index=&#8221;no&#8221; woodmart_disable_overflow=&#8221;0&#8243; row_reverse_mobile=&#8221;0&#8243; row_reverse_tablet=&#8221;0&#8243;][vc_column width=&#8221;1\/2&#8243; css=&#8221;.vc_custom_1746651218734{padding-top: 80px !important;padding-bottom: 40px !important;background-position: center !important;background-repeat: no-repeat !important;background-size: cover !important;}&#8221; woodmart_css_id=&#8221;681bc84edf483&#8243; parallax_scroll=&#8221;no&#8221; woodmart_sticky_column=&#8221;false&#8221; wd_collapsible_content_switcher=&#8221;no&#8221; mobile_bg_img_hidden=&#8221;no&#8221; tablet_bg_img_hidden=&#8221;no&#8221; woodmart_parallax=&#8221;0&#8243; woodmart_box_shadow=&#8221;no&#8221; mobile_reset_margin=&#8221;no&#8221; tablet_reset_margin=&#8221;no&#8221; wd_z_index=&#8221;no&#8221; responsive_spacing=&#8221;eyJwYXJhbV90eXBlIjoid29vZG1hcnRfcmVzcG9uc2l2ZV9zcGFjaW5nIiwic2VsZWN0b3JfaWQiOiI2ODFiYzg0ZWRmNDgzIiwic2hvcnRjb2RlIjoidmNfY29sdW1uIiwiZGF0YSI6eyJ0YWJsZXQiOnt9LCJtb2JpbGUiOnsicGFkZGluZy10b3AiOiI2MHB4IiwicGFkZGluZy1ib3R0b20iOiIyMHB4In19fQ==&#8221; wd_column_role_offcanvas_desktop=&#8221;no&#8221; wd_column_role_offcanvas_tablet=&#8221;no&#8221; wd_column_role_offcanvas_mobile=&#8221;no&#8221; wd_column_role_content_desktop=&#8221;no&#8221; wd_column_role_content_tablet=&#8221;no&#8221; wd_column_role_content_mobile=&#8221;no&#8221;]\t\t<div id=\"wd-681bc82b40aa7\" data-parallax='{\"y\":\"-80\",\"smoothness\":\"30\"}' class=\"wd-image wd-wpb wd-rs-681bc82b40aa7 text-right vc_custom_1746651212249\">\n\t\t\t\n\t\t\t<img loading=\"lazy\" decoding=\"async\" width=\"951\" height=\"761\" src=\"https:\/\/nurtep.atolyework.net\/wp-content\/uploads\/2025\/04\/OTOMOTIV_02-1.jpg\" class=\"attachment-full size-full\" alt=\"\" srcset=\"https:\/\/nurtep.atolyework.net\/wp-content\/uploads\/2025\/04\/OTOMOTIV_02-1.jpg 951w, https:\/\/nurtep.atolyework.net\/wp-content\/uploads\/2025\/04\/OTOMOTIV_02-1-375x300.jpg 375w, https:\/\/nurtep.atolyework.net\/wp-content\/uploads\/2025\/04\/OTOMOTIV_02-1-768x615.jpg 768w\" sizes=\"auto, (max-width: 951px) 100vw, 951px\" \/>\n\t\t\t\t\t<\/div>\n\t\t[\/vc_column][vc_column width=&#8221;1\/2&#8243; scroll_x=&#8221;0&#8243; scroll_y=&#8221;80&#8243; scroll_z=&#8221;0&#8243; parallax_scroll=&#8221;yes&#8221; css=&#8221;.vc_custom_1636992874687{padding-top: 80px !important;padding-right: 15% !important;padding-bottom: 80px !important;padding-left: 15% !important;}&#8221; woodmart_css_id=&#8221;6192876412581&#8243; woodmart_sticky_column=&#8221;false&#8221; wd_collapsible_content_switcher=&#8221;no&#8221; mobile_bg_img_hidden=&#8221;no&#8221; tablet_bg_img_hidden=&#8221;no&#8221; woodmart_parallax=&#8221;0&#8243; woodmart_box_shadow=&#8221;no&#8221; mobile_reset_margin=&#8221;no&#8221; tablet_reset_margin=&#8221;no&#8221; wd_z_index=&#8221;no&#8221; responsive_spacing=&#8221;eyJwYXJhbV90eXBlIjoid29vZG1hcnRfcmVzcG9uc2l2ZV9zcGFjaW5nIiwic2VsZWN0b3JfaWQiOiI2MTkyODc2NDEyNTgxIiwic2hvcnRjb2RlIjoidmNfY29sdW1uIiwiZGF0YSI6eyJ0YWJsZXQiOnt9LCJtb2JpbGUiOnsicGFkZGluZy10b3AiOiI2MHB4IiwicGFkZGluZy1ib3R0b20iOiI2MHB4In19fQ==&#8221;]\t\t<div id=\"wd-68179b7919899\" class=\"wd-image wd-wpb wd-rs-68179b7919899 text-center \">\n\t\t\t\n\t\t\t<img decoding=\"async\"  src=\"https:\/\/nurtep.atolyework.net\/wp-content\/uploads\/2025\/02\/ozkilicmotorlu-black.svg\" title=\"ozkilicmotorlu-black\" loading=\"lazy\" width=\"250\" height=\"107\">\n\t\t\t\t\t<\/div>\n\t\t[vc_column_text css=&#8221;&#8221; woodmart_inline=&#8221;no&#8221; text_larger=&#8221;no&#8221;]<\/p>\n<p style=\"text-align: center;\"><strong>Renault<\/strong> ve <strong>Dacia<\/strong> Yetkili Sat\u0131\u015f ve Servis hizmeti vermek \u00fczere <strong>\u00d6zk\u0131l\u0131\u00e7 Group<\/strong> b\u00fcnyesinde 2012 y\u0131l\u0131nda kurulan \u00d6zk\u0131l\u0131\u00e7 Motorlu \u015firketi, 2023 y\u0131l\u0131nda <strong>TESLA<\/strong> yetkili at\u00f6lyesi olarak da b\u00f6lgesinde bir ilki ger\u00e7ekle\u015ftirdi. 2024 y\u0131l\u0131nda ise Motrio markas\u0131 ile anla\u015fan \u00d6zk\u0131l\u0131\u00e7 Motorlu\u2019nun ayr\u0131ca <strong>UETTS<\/strong> bayili\u011fi de bulunmaktad\u0131r. \u00d6zk\u0131l\u0131\u00e7 Motorlu 2023-2024 y\u0131llar\u0131nda elektrikli ara\u00e7lara y\u00f6nelik t\u00fcm yat\u0131r\u0131mlar\u0131n\u0131 tamamlay\u0131p, bu ara\u00e7lar\u0131n hem karoseri hem mekanik <strong>KNOW-HOW<\/strong>\u2019\u0131n\u0131 sa\u011flam\u0131\u015f bulunmaktad\u0131r.<\/p>\n<p>[\/vc_column_text][\/vc_column][\/vc_row]<\/p>\n<\/div>","protected":false},"excerpt":{"rendered":"<p>[vc_row][vc_column][\/vc_column][\/vc_row][vc_row full_width=&#8221;stretch_row_content&#8221; content_placement=&#8221;middle&#8221; woodmart_css_id=&#8221;67f5a0cb28126&#8243; responsive_spacing=&#8221;eyJwYXJhbV90eXBlIjoid29vZG1hcnRfcmVzcG9uc2l2ZV9zcGFjaW5nIiwic2VsZWN0b3JfaWQiOiI2N2Y1YTBjYjI4MTI2Iiwic2hvcnRjb2RlIjoidmNfcm93IiwiZGF0YSI6eyJ0YWJsZXQiOnt9LCJtb2JpbGUiOnt9fX0=&#8221; mobile_bg_img_hidden=&#8221;no&#8221; tablet_bg_img_hidden=&#8221;no&#8221; woodmart_parallax=&#8221;0&#8243; woodmart_gradient_switch=&#8221;no&#8221; woodmart_box_shadow=&#8221;no&#8221; wd_z_index=&#8221;no&#8221; woodmart_disable_overflow=&#8221;0&#8243; row_reverse_mobile=&#8221;0&#8243; row_reverse_tablet=&#8221;0&#8243;][vc_column width=&#8221;1\/2&#8243; css=&#8221;.vc_custom_1746651218734{padding-top: 80px !important;padding-bottom: 40px !important;background-position:<\/p>\n","protected":false},"author":1,"featured_media":0,"parent":0,"menu_order":0,"comment_status":"closed","ping_status":"closed","template":"","meta":{"footnotes":""},"class_list":["post-34427","page","type-page","status-publish","hentry"],"_links":{"self":[{"href":"https:\/\/nurtep.atolyework.net\/index.php?rest_route=\/wp\/v2\/pages\/34427","targetHints":{"allow":["GET"]}}],"collection":[{"href":"https:\/\/nurtep.atolyework.net\/index.php?rest_route=\/wp\/v2\/pages"}],"about":[{"href":"https:\/\/nurtep.atolyework.net\/index.php?rest_route=\/wp\/v2\/types\/page"}],"author":[{"embeddable":true,"href":"https:\/\/nurtep.atolyework.net\/index.php?rest_route=\/wp\/v2\/users\/1"}],"replies":[{"embeddable":true,"href":"https:\/\/nurtep.atolyework.net\/index.php?rest_route=%2Fwp%2Fv2%2Fcomments&post=34427"}],"version-history":[{"count":22,"href":"https:\/\/nurtep.atolyework.net\/index.php?rest_route=\/wp\/v2\/pages\/34427\/revisions"}],"predecessor-version":[{"id":35417,"href":"https:\/\/nurtep.atolyework.net\/index.php?rest_route=\/wp\/v2\/pages\/34427\/revisions\/35417"}],"wp:attachment":[{"href":"https:\/\/nurtep.atolyework.net\/index.php?rest_route=%2Fwp%2Fv2%2Fmedia&parent=34427"}],"curies":[{"name":"wp","href":"https:\/\/api.w.org\/{rel}","templated":true}]}}