{"id":34409,"date":"2025-01-13T19:07:35","date_gmt":"2025-01-13T19:07:35","guid":{"rendered":"https:\/\/nurtep.atolyework.net\/?page_id=34409"},"modified":"2025-04-10T15:02:22","modified_gmt":"2025-04-10T15:02:22","slug":"degerlerimiz","status":"publish","type":"page","link":"https:\/\/nurtep.atolyework.net\/?page_id=34409","title":{"rendered":"De\u011ferlerimiz"},"content":{"rendered":"<div class=\"wpb-content-wrapper\"><p>[vc_row][vc_column]\n\t\t<div id=\"wd-67f539534b7a4\" class=\"title-wrapper wd-wpb wd-set-mb reset-last-child  wd-rs-67f539534b7a4 wd-title-color-default wd-title-style-default text-center  wd-underline-colored\">\n\t\t\t\n\t\t\t<div class=\"liner-continer\">\n\t\t\t\t<h4 class=\"woodmart-title-container title  wd-font-weight-700 wd-fontsize-l\" >\u00d6zk\u0131l\u0131\u00e7 \u015eirketler Grubu olarak, insan ve \u00e7evre odakl\u0131 y\u00f6netim ve i\u015f yapma anlay\u0131\u015f\u0131m\u0131zla gelece\u011fimizi birlikte g\u00fcvenilir temeller \u00fczerine in\u015fa ediyoruz.<\/h4>\n\t\t\t\t\t\t\t<\/div>\n\t\t\t\n\t\t\t\n\t\t\t\n\t\t<\/div>\n\t\t\n\t\t[\/vc_column][\/vc_row][vc_row full_width=&#8221;stretch_row_content_no_spaces&#8221; woodmart_stretch_content=&#8221;section-stretch-content-no-pd&#8221; woodmart_css_id=&#8221;67a92b7e4ef04&#8243; responsive_spacing=&#8221;eyJwYXJhbV90eXBlIjoid29vZG1hcnRfcmVzcG9uc2l2ZV9zcGFjaW5nIiwic2VsZWN0b3JfaWQiOiI2N2E5MmI3ZTRlZjA0Iiwic2hvcnRjb2RlIjoidmNfcm93IiwiZGF0YSI6eyJ0YWJsZXQiOnt9LCJtb2JpbGUiOnt9fX0=&#8221; mobile_bg_img_hidden=&#8221;no&#8221; tablet_bg_img_hidden=&#8221;no&#8221; woodmart_parallax=&#8221;0&#8243; woodmart_gradient_switch=&#8221;no&#8221; woodmart_box_shadow=&#8221;no&#8221; wd_z_index=&#8221;no&#8221; woodmart_disable_overflow=&#8221;0&#8243; row_reverse_mobile=&#8221;0&#8243; row_reverse_tablet=&#8221;0&#8243;][vc_column offset=&#8221;vc_hidden-xs&#8221; woodmart_css_id=&#8221;67f68b30ae9f5&#8243; parallax_scroll=&#8221;no&#8221; woodmart_sticky_column=&#8221;false&#8221; wd_collapsible_content_switcher=&#8221;no&#8221; wd_column_role_offcanvas_desktop=&#8221;no&#8221; wd_column_role_offcanvas_tablet=&#8221;no&#8221; wd_column_role_offcanvas_mobile=&#8221;no&#8221; wd_column_role_content_desktop=&#8221;no&#8221; wd_column_role_content_tablet=&#8221;no&#8221; wd_column_role_content_mobile=&#8221;no&#8221; mobile_bg_img_hidden=&#8221;no&#8221; tablet_bg_img_hidden=&#8221;no&#8221; woodmart_parallax=&#8221;0&#8243; woodmart_box_shadow=&#8221;no&#8221; responsive_spacing=&#8221;eyJwYXJhbV90eXBlIjoid29vZG1hcnRfcmVzcG9uc2l2ZV9zcGFjaW5nIiwic2VsZWN0b3JfaWQiOiI2N2Y2OGIzMGFlOWY1Iiwic2hvcnRjb2RlIjoidmNfY29sdW1uIiwiZGF0YSI6eyJ0YWJsZXQiOnt9LCJtb2JpbGUiOnt9fX0=&#8221; mobile_reset_margin=&#8221;no&#8221; tablet_reset_margin=&#8221;no&#8221; wd_z_index=&#8221;no&#8221;]\t\t<div id=\"wd-67f67a20e1dba\" class=\"wd-image wd-wpb wd-rs-67f67a20e1dba text-left \">\n\t\t\t\n\t\t\t<img loading=\"lazy\" decoding=\"async\" width=\"2048\" height=\"525\" src=\"https:\/\/nurtep.atolyework.net\/wp-content\/uploads\/2025\/04\/degerlerimiz_ana_gorsel_2048x525.jpg\" class=\"attachment-full size-full\" alt=\"\" srcset=\"https:\/\/nurtep.atolyework.net\/wp-content\/uploads\/2025\/04\/degerlerimiz_ana_gorsel_2048x525.jpg 2048w, https:\/\/nurtep.atolyework.net\/wp-content\/uploads\/2025\/04\/degerlerimiz_ana_gorsel_2048x525-400x103.jpg 400w, https:\/\/nurtep.atolyework.net\/wp-content\/uploads\/2025\/04\/degerlerimiz_ana_gorsel_2048x525-1300x333.jpg 1300w, https:\/\/nurtep.atolyework.net\/wp-content\/uploads\/2025\/04\/degerlerimiz_ana_gorsel_2048x525-768x197.jpg 768w, https:\/\/nurtep.atolyework.net\/wp-content\/uploads\/2025\/04\/degerlerimiz_ana_gorsel_2048x525-1536x394.jpg 1536w\" sizes=\"auto, (max-width: 2048px) 100vw, 2048px\" \/>\n\t\t\t\t\t<\/div>\n\t\t[\/vc_column][\/vc_row][vc_row full_width=&#8221;stretch_row_content_no_spaces&#8221; woodmart_stretch_content=&#8221;section-stretch-content-no-pd&#8221; woodmart_css_id=&#8221;67f7dc6204beb&#8221; responsive_spacing=&#8221;eyJwYXJhbV90eXBlIjoid29vZG1hcnRfcmVzcG9uc2l2ZV9zcGFjaW5nIiwic2VsZWN0b3JfaWQiOiI2N2Y3ZGM2MjA0YmViIiwic2hvcnRjb2RlIjoidmNfcm93IiwiZGF0YSI6eyJ0YWJsZXQiOnt9LCJtb2JpbGUiOnt9fX0=&#8221; mobile_bg_img_hidden=&#8221;no&#8221; tablet_bg_img_hidden=&#8221;no&#8221; woodmart_parallax=&#8221;0&#8243; woodmart_gradient_switch=&#8221;no&#8221; woodmart_box_shadow=&#8221;no&#8221; wd_z_index=&#8221;no&#8221; woodmart_disable_overflow=&#8221;0&#8243; row_reverse_mobile=&#8221;0&#8243; row_reverse_tablet=&#8221;0&#8243; css=&#8221;.vc_custom_1744297079698{background-position: center !important;background-repeat: no-repeat !important;background-size: cover !important;}&#8221;][vc_column offset=&#8221;vc_hidden-lg vc_hidden-md vc_hidden-sm&#8221; woodmart_css_id=&#8221;67f7dd3d82ec9&#8243; parallax_scroll=&#8221;no&#8221; woodmart_sticky_column=&#8221;false&#8221; wd_collapsible_content_switcher=&#8221;no&#8221; wd_column_role_offcanvas_desktop=&#8221;no&#8221; wd_column_role_offcanvas_tablet=&#8221;no&#8221; wd_column_role_offcanvas_mobile=&#8221;no&#8221; wd_column_role_content_desktop=&#8221;no&#8221; wd_column_role_content_tablet=&#8221;no&#8221; wd_column_role_content_mobile=&#8221;no&#8221; mobile_bg_img_hidden=&#8221;no&#8221; tablet_bg_img_hidden=&#8221;no&#8221; woodmart_parallax=&#8221;0&#8243; woodmart_box_shadow=&#8221;no&#8221; responsive_spacing=&#8221;eyJwYXJhbV90eXBlIjoid29vZG1hcnRfcmVzcG9uc2l2ZV9zcGFjaW5nIiwic2VsZWN0b3JfaWQiOiI2N2Y3ZGQzZDgyZWM5Iiwic2hvcnRjb2RlIjoidmNfY29sdW1uIiwiZGF0YSI6eyJ0YWJsZXQiOnt9LCJtb2JpbGUiOnt9fX0=&#8221; mobile_reset_margin=&#8221;no&#8221; tablet_reset_margin=&#8221;no&#8221; wd_z_index=&#8221;no&#8221;]\t\t<div id=\"wd-67f7dd5cadeba\" class=\"wd-image wd-wpb wd-rs-67f7dd5cadeba text-left \">\n\t\t\t\n\t\t\t<img loading=\"lazy\" decoding=\"async\" width=\"1080\" height=\"450\" src=\"https:\/\/nurtep.atolyework.net\/wp-content\/uploads\/2025\/04\/degerlerimiz-mobil.jpg\" class=\"attachment-full size-full\" alt=\"\" srcset=\"https:\/\/nurtep.atolyework.net\/wp-content\/uploads\/2025\/04\/degerlerimiz-mobil.jpg 1080w, https:\/\/nurtep.atolyework.net\/wp-content\/uploads\/2025\/04\/degerlerimiz-mobil-400x167.jpg 400w, https:\/\/nurtep.atolyework.net\/wp-content\/uploads\/2025\/04\/degerlerimiz-mobil-768x320.jpg 768w\" sizes=\"auto, (max-width: 1080px) 100vw, 1080px\" \/>\n\t\t\t\t\t<\/div>\n\t\t[\/vc_column][\/vc_row][vc_row woodmart_css_id=&#8221;67f7dd74886d5&#8243; responsive_spacing=&#8221;eyJwYXJhbV90eXBlIjoid29vZG1hcnRfcmVzcG9uc2l2ZV9zcGFjaW5nIiwic2VsZWN0b3JfaWQiOiI2N2Y3ZGQ3NDg4NmQ1Iiwic2hvcnRjb2RlIjoidmNfcm93IiwiZGF0YSI6eyJ0YWJsZXQiOnt9LCJtb2JpbGUiOnsibWFyZ2luLXRvcCI6Ii0zMHB4In19fQ==&#8221; mobile_bg_img_hidden=&#8221;no&#8221; tablet_bg_img_hidden=&#8221;no&#8221; woodmart_parallax=&#8221;0&#8243; woodmart_gradient_switch=&#8221;no&#8221; woodmart_box_shadow=&#8221;no&#8221; wd_z_index=&#8221;no&#8221; woodmart_disable_overflow=&#8221;0&#8243; row_reverse_mobile=&#8221;0&#8243; row_reverse_tablet=&#8221;0&#8243;][vc_column width=&#8221;1\/3&#8243;]\t\t\t<div class=\"info-box-wrapper\">\n\t\t\t\t<div id=\"wd-67f67ac54abd9\" class=\" wd-rs-67f67ac54abd9 wd-info-box wd-wpb text-left box-icon-align-left box-style- color-scheme- wd-bg-none wd-items-middle \">\n\t\t\t\t\t\t\t\t\t\t\t<div class=\"box-icon-wrapper  box-with-icon box-icon-simple\">\n\t\t\t\t\t\t\t<div class=\"info-box-icon\">\n\n\t\t\t\t\t\t\t\n\t\t\t\t\t\t\t\t\t\t\t\t\t\t\t\t\t<div class=\"info-svg-wrapper\" style=\"width: 48px;height: 48px;\"><img decoding=\"async\"  src=\"https:\/\/nurtep.atolyework.net\/wp-content\/uploads\/2025\/04\/degerlerimiz.svg\" title=\"degerlerimiz\" loading=\"lazy\" width=\"48\" height=\"48\"><\/div>\t\t\t\t\t\t\t\t\t\t\t\t\t\t\t\n\t\t\t\t\t\t\t<\/div>\n\t\t\t\t\t\t<\/div>\n\t\t\t\t\t\t\t\t\t\t<div class=\"info-box-content\">\n\t\t\t\t\t\t<h4 class=\"info-box-title title wd-font-weight-700 box-title-style-default wd-fontsize-xl\">DE\u011eERLER\u0130M\u0130Z<\/h4>\t\t\t\t\t\t<div class=\"info-box-inner reset-last-child\"><\/div>\n\n\t\t\t\t\t\t\t\t\t\t\t<\/div>\n\n\t\t\t\t\t\n\t\t\t\t\t<style><\/style>\t\t\t\t<\/div>\n\t\t\t<\/div>\n\t\t[\/vc_column][vc_column width=&#8221;2\/3&#8243;][vc_column_text css=&#8221;&#8221; woodmart_inline=&#8221;no&#8221; text_larger=&#8221;no&#8221;]<span style=\"color: #951b1f;\">\u2192 <\/span><strong><span style=\"color: #951b1f;\">\u0130nsan Odakl\u0131l\u0131k<\/span>: <\/strong>\u00c7al\u0131\u015fan ba\u011fl\u0131l\u0131\u011f\u0131, empati ve etkili ileti\u015fimle insan\u0131 merkeze al\u0131r\u0131z.<\/p>\n<p><span style=\"color: #951b1f;\">\u2192 <strong>\u00c7evreye Duyarl\u0131l\u0131k:<\/strong><\/span> Do\u011fa ve \u00e7evresel s\u00fcrd\u00fcr\u00fclebilirli\u011fi t\u00fcm s\u00fcre\u00e7lerimize entegre ederiz.<\/p>\n<p><span style=\"color: #951b1f;\">\u2192 <strong>Liderlik:<\/strong><\/span> Her sekt\u00f6rde \u00f6nc\u00fc olma misyonumuzla stratejik ve yenilik\u00e7i \u00e7\u00f6z\u00fcmler geli\u015ftiririz.<\/p>\n<p><span style=\"color: #951b1f;\">\u2192 <strong>Giri\u015fimcilik:<\/strong> <\/span>Yenilikleri cesurca benimseyip, f\u0131rsatlar\u0131 verimli de\u011ferlendirerek dinamik bir i\u015f k\u00fclt\u00fcr\u00fc olu\u015ftururuz.<\/p>\n<p><span style=\"color: #951b1f;\">\u2192 <strong>Yenilik\u00e7ilik:<\/strong> <\/span>Gelece\u011fi \u00f6ng\u00f6ren, yarat\u0131c\u0131 ve modern \u00e7\u00f6z\u00fcmlerle s\u00fcrekli geli\u015fim sa\u011flar\u0131z.<\/p>\n<p><span style=\"color: #951b1f;\">\u2192 <strong>G\u00fcvenilirlik:<\/strong><\/span> Ku\u015faklardan ku\u015fa\u011fa aktar\u0131lan sa\u011flam temellerimizi, kar\u015f\u0131l\u0131kl\u0131 g\u00fcven ve etik ilkelerle gelece\u011fe ta\u015f\u0131r\u0131z.[\/vc_column_text][\/vc_column][\/vc_row][vc_row][vc_column width=&#8221;1\/3&#8243;]\t\t\t<div class=\"info-box-wrapper\">\n\t\t\t\t<div id=\"wd-67f67ade9e12a\" class=\" wd-rs-67f67ade9e12a wd-info-box wd-wpb text-left box-icon-align-left box-style- color-scheme- wd-bg-none wd-items-middle \">\n\t\t\t\t\t\t\t\t\t\t\t<div class=\"box-icon-wrapper  box-with-icon box-icon-simple\">\n\t\t\t\t\t\t\t<div class=\"info-box-icon\">\n\n\t\t\t\t\t\t\t\n\t\t\t\t\t\t\t\t\t\t\t\t\t\t\t\t\t<div class=\"info-svg-wrapper\" style=\"width: 48px;height: 48px;\"><img decoding=\"async\"  src=\"https:\/\/nurtep.atolyework.net\/wp-content\/uploads\/2025\/04\/vizyon.svg\" title=\"vizyon\" loading=\"lazy\" width=\"48\" height=\"48\"><\/div>\t\t\t\t\t\t\t\t\t\t\t\t\t\t\t\n\t\t\t\t\t\t\t<\/div>\n\t\t\t\t\t\t<\/div>\n\t\t\t\t\t\t\t\t\t\t<div class=\"info-box-content\">\n\t\t\t\t\t\t<h4 class=\"info-box-title title wd-font-weight-700 box-title-style-default wd-fontsize-xl\">V\u0130ZYON<\/h4>\t\t\t\t\t\t<div class=\"info-box-inner reset-last-child\"><\/div>\n\n\t\t\t\t\t\t\t\t\t\t\t<\/div>\n\n\t\t\t\t\t\n\t\t\t\t\t<style><\/style>\t\t\t\t<\/div>\n\t\t\t<\/div>\n\t\t[\/vc_column][vc_column width=&#8221;2\/3&#8243;][vc_column_text css=&#8221;&#8221; woodmart_inline=&#8221;no&#8221; text_larger=&#8221;no&#8221;]\u00dclkemizin kalk\u0131nmas\u0131na \u00f6nc\u00fcl\u00fck etti\u011fimiz her alanda de\u011fer yaratan, yenilik\u00e7i, g\u00fcvenilir ve sayg\u0131n bir marka olmak; ekonomik, sosyal, k\u00fclt\u00fcrel ve toplumsal d\u00f6n\u00fc\u015f\u00fcmlerde etkin bir payda\u015f olarak gelece\u011fi \u015fekillendirmek.[\/vc_column_text][\/vc_column][\/vc_row][vc_row][vc_column width=&#8221;1\/3&#8243;]\t\t\t<div class=\"info-box-wrapper\">\n\t\t\t\t<div id=\"wd-67f67af8afbd0\" class=\" wd-rs-67f67af8afbd0 wd-info-box wd-wpb text-left box-icon-align-left box-style- color-scheme- wd-bg-none wd-items-middle \">\n\t\t\t\t\t\t\t\t\t\t\t<div class=\"box-icon-wrapper  box-with-icon box-icon-simple\">\n\t\t\t\t\t\t\t<div class=\"info-box-icon\">\n\n\t\t\t\t\t\t\t\n\t\t\t\t\t\t\t\t\t\t\t\t\t\t\t\t\t<div class=\"info-svg-wrapper\" style=\"width: 48px;height: 48px;\"><img decoding=\"async\"  src=\"https:\/\/nurtep.atolyework.net\/wp-content\/uploads\/2025\/04\/misyon.svg\" title=\"misyon\" loading=\"lazy\" width=\"48\" height=\"48\"><\/div>\t\t\t\t\t\t\t\t\t\t\t\t\t\t\t\n\t\t\t\t\t\t\t<\/div>\n\t\t\t\t\t\t<\/div>\n\t\t\t\t\t\t\t\t\t\t<div class=\"info-box-content\">\n\t\t\t\t\t\t<h4 class=\"info-box-title title wd-font-weight-700 box-title-style-default wd-fontsize-xl\">M\u0130SYON<\/h4>\t\t\t\t\t\t<div class=\"info-box-inner reset-last-child\"><\/div>\n\n\t\t\t\t\t\t\t\t\t\t\t<\/div>\n\n\t\t\t\t\t\n\t\t\t\t\t<style><\/style>\t\t\t\t<\/div>\n\t\t\t<\/div>\n\t\t[\/vc_column][vc_column width=&#8221;2\/3&#8243;][vc_column_text css=&#8221;&#8221; woodmart_inline=&#8221;no&#8221; text_larger=&#8221;no&#8221;]Verimlilik ve katma de\u011feri \u00f6n planda tutan, yetkin insan kayna\u011f\u0131 ve modern teknolojilerin sundu\u011fu f\u0131rsatlarla ekonomimizi, b\u00f6lgemizi, \u00e7al\u0131\u015fanlar\u0131m\u0131z\u0131 ve payda\u015flar\u0131m\u0131z\u0131 gelece\u011fe ta\u015f\u0131mak.[\/vc_column_text][\/vc_column][\/vc_row][vc_row disable_element=&#8221;yes&#8221; woodmart_css_id=&#8221;67f67b238db2c&#8221; responsive_spacing=&#8221;eyJwYXJhbV90eXBlIjoid29vZG1hcnRfcmVzcG9uc2l2ZV9zcGFjaW5nIiwic2VsZWN0b3JfaWQiOiI2N2Y2N2IyMzhkYjJjIiwic2hvcnRjb2RlIjoidmNfcm93IiwiZGF0YSI6eyJ0YWJsZXQiOnt9LCJtb2JpbGUiOnt9fX0=&#8221; mobile_bg_img_hidden=&#8221;no&#8221; tablet_bg_img_hidden=&#8221;no&#8221; woodmart_parallax=&#8221;0&#8243; woodmart_gradient_switch=&#8221;no&#8221; woodmart_box_shadow=&#8221;no&#8221; wd_z_index=&#8221;no&#8221; woodmart_disable_overflow=&#8221;0&#8243; row_reverse_mobile=&#8221;0&#8243; row_reverse_tablet=&#8221;0&#8243;][vc_column width=&#8221;1\/2&#8243;]\n\t\t<div id=\"wd-67f536865b27e\" class=\"title-wrapper wd-wpb wd-set-mb reset-last-child  wd-rs-67f536865b27e wd-title-color-default wd-title-style-default text-left vc_custom_1744123536180 wd-underline-colored\">\n\t\t\t\n\t\t\t<div class=\"liner-continer\">\n\t\t\t\t<h2 class=\"woodmart-title-container title  wd-font-weight-700 wd-fontsize-l\" >M\u0130SYON<\/h2>\n\t\t\t\t\t\t\t<\/div>\n\t\t\t\n\t\t\t\n\t\t\t\n\t\t<\/div>\n\t\t\n\t\t\t\t\t<div class=\"info-box-wrapper\">\n\t\t\t\t<div id=\"wd-67f67af8afbd0\" class=\" wd-rs-67f67af8afbd0 wd-info-box wd-wpb text-left box-icon-align-left box-style- color-scheme- wd-bg-none wd-items-middle \">\n\t\t\t\t\t\t\t\t\t\t\t<div class=\"box-icon-wrapper  box-with-icon box-icon-simple\">\n\t\t\t\t\t\t\t<div class=\"info-box-icon\">\n\n\t\t\t\t\t\t\t\n\t\t\t\t\t\t\t\t\t\t\t\t\t\t\t\t\t<div class=\"info-svg-wrapper\" style=\"width: 48px;height: 48px;\"><img decoding=\"async\"  src=\"https:\/\/nurtep.atolyework.net\/wp-content\/uploads\/2025\/04\/misyon.svg\" title=\"misyon\" loading=\"lazy\" width=\"48\" height=\"48\"><\/div>\t\t\t\t\t\t\t\t\t\t\t\t\t\t\t\n\t\t\t\t\t\t\t<\/div>\n\t\t\t\t\t\t<\/div>\n\t\t\t\t\t\t\t\t\t\t<div class=\"info-box-content\">\n\t\t\t\t\t\t<h4 class=\"info-box-title title wd-font-weight-700 box-title-style-default wd-fontsize-xl\">M\u0130SYON<\/h4>\t\t\t\t\t\t<div class=\"info-box-inner reset-last-child\"><\/div>\n\n\t\t\t\t\t\t\t\t\t\t\t<\/div>\n\n\t\t\t\t\t\n\t\t\t\t\t<style><\/style>\t\t\t\t<\/div>\n\t\t\t<\/div>\n\t\t[\/vc_column][vc_column width=&#8221;1\/2&#8243;][vc_column_text css=&#8221;&#8221; woodmart_inline=&#8221;no&#8221; text_larger=&#8221;no&#8221;]Verimlilik ve katma de\u011feri \u00f6n planda tutan, yetkin insan kayna\u011f\u0131 ve modern teknolojilerin sundu\u011fu f\u0131rsatlarla ekonomimizi, b\u00f6lgemizi, \u00e7al\u0131\u015fanlar\u0131m\u0131z\u0131 ve payda\u015flar\u0131m\u0131z\u0131 gelece\u011fe ta\u015f\u0131mak.[\/vc_column_text][\/vc_column][\/vc_row]<\/p>\n<\/div>","protected":false},"excerpt":{"rendered":"<p>[vc_row][vc_column][\/vc_column][\/vc_row][vc_row full_width=&#8221;stretch_row_content_no_spaces&#8221; woodmart_stretch_content=&#8221;section-stretch-content-no-pd&#8221; woodmart_css_id=&#8221;67a92b7e4ef04&#8243; responsive_spacing=&#8221;eyJwYXJhbV90eXBlIjoid29vZG1hcnRfcmVzcG9uc2l2ZV9zcGFjaW5nIiwic2VsZWN0b3JfaWQiOiI2N2E5MmI3ZTRlZjA0Iiwic2hvcnRjb2RlIjoidmNfcm93IiwiZGF0YSI6eyJ0YWJsZXQiOnt9LCJtb2JpbGUiOnt9fX0=&#8221; mobile_bg_img_hidden=&#8221;no&#8221; tablet_bg_img_hidden=&#8221;no&#8221; woodmart_parallax=&#8221;0&#8243; woodmart_gradient_switch=&#8221;no&#8221; woodmart_box_shadow=&#8221;no&#8221; wd_z_index=&#8221;no&#8221; woodmart_disable_overflow=&#8221;0&#8243; row_reverse_mobile=&#8221;0&#8243; row_reverse_tablet=&#8221;0&#8243;][vc_column offset=&#8221;vc_hidden-xs&#8221; woodmart_css_id=&#8221;67f68b30ae9f5&#8243; parallax_scroll=&#8221;no&#8221; woodmart_sticky_column=&#8221;false&#8221; wd_collapsible_content_switcher=&#8221;no&#8221; wd_column_role_offcanvas_desktop=&#8221;no&#8221;<\/p>\n","protected":false},"author":1,"featured_media":0,"parent":0,"menu_order":0,"comment_status":"closed","ping_status":"closed","template":"","meta":{"footnotes":""},"class_list":["post-34409","page","type-page","status-publish","hentry"],"_links":{"self":[{"href":"https:\/\/nurtep.atolyework.net\/index.php?rest_route=\/wp\/v2\/pages\/34409","targetHints":{"allow":["GET"]}}],"collection":[{"href":"https:\/\/nurtep.atolyework.net\/index.php?rest_route=\/wp\/v2\/pages"}],"about":[{"href":"https:\/\/nurtep.atolyework.net\/index.php?rest_route=\/wp\/v2\/types\/page"}],"author":[{"embeddable":true,"href":"https:\/\/nurtep.atolyework.net\/index.php?rest_route=\/wp\/v2\/users\/1"}],"replies":[{"embeddable":true,"href":"https:\/\/nurtep.atolyework.net\/index.php?rest_route=%2Fwp%2Fv2%2Fcomments&post=34409"}],"version-history":[{"count":48,"href":"https:\/\/nurtep.atolyework.net\/index.php?rest_route=\/wp\/v2\/pages\/34409\/revisions"}],"predecessor-version":[{"id":35309,"href":"https:\/\/nurtep.atolyework.net\/index.php?rest_route=\/wp\/v2\/pages\/34409\/revisions\/35309"}],"wp:attachment":[{"href":"https:\/\/nurtep.atolyework.net\/index.php?rest_route=%2Fwp%2Fv2%2Fmedia&parent=34409"}],"curies":[{"name":"wp","href":"https:\/\/api.w.org\/{rel}","templated":true}]}}