{"id":34383,"date":"2025-01-09T15:34:21","date_gmt":"2025-01-09T15:34:21","guid":{"rendered":"https:\/\/nurtep.atolyework.net\/?page_id=34383"},"modified":"2025-07-29T13:21:29","modified_gmt":"2025-07-29T10:21:29","slug":"insan-kaynaklari","status":"publish","type":"page","link":"https:\/\/nurtep.atolyework.net\/?page_id=34383","title":{"rendered":"\u0130nsan Kaynaklar\u0131"},"content":{"rendered":"<div class=\"wpb-content-wrapper\"><p>[vc_row][vc_column]\n\t\t<div id=\"wd-67f67217898ee\" class=\"title-wrapper wd-wpb wd-set-mb reset-last-child  wd-rs-67f67217898ee wd-title-color-default wd-title-style-default text-left  wd-underline-colored\">\n\t\t\t\n\t\t\t<div class=\"liner-continer\">\n\t\t\t\t<h4 class=\"woodmart-title-container title  wd-font-weight-700 wd-fontsize-xl\" >\u0130nsan Odakl\u0131l\u0131kla Gelece\u011fe Y\u00fcr\u00fcyen Bir Yap\u0131<\/h4>\n\t\t\t\t\t\t\t<\/div>\n\t\t\t\n\t\t\t\t\t\t\t<div class=\"title-after_title reset-last-child  wd-fontsize-s\">\u00d6zk\u0131l\u0131\u00e7 Group olarak \u00e7al\u0131\u015fanlar\u0131m\u0131z ile \u015feffaf, etkili ileti\u015fim ve i\u015fbirli\u011fi i\u00e7erisinde olmak; i\u015fin gereklerine uygun yetkinlik ve beceriye sahip \u00e7al\u0131\u015fanlar\u0131 bulu\u015fturarak, e\u015fit f\u0131rsat \u00e7er\u00e7evesinde geli\u015ftirmek ve b\u00fcy\u00fcmek; \u015eirketin genel hedefleri ile \u00e7al\u0131\u015fanlar\u0131n bireysel hedeflerini birle\u015ftirerek organizasyon yap\u0131s\u0131n\u0131 motive etmek \u00f6ncelikleri ile hareket ediyoruz.<\/p>\n<p>Kariyer planlamas\u0131n\u0131 destekleyen e\u011fitim ve oryantasyon ile gelece\u011fin y\u00f6netici adaylar\u0131m\u0131z\u0131 organizasyonun i\u00e7erisinde yeti\u015ftirirken, yine kad\u0131n \u00e7al\u0131\u015fan istihdam\u0131n\u0131 da f\u0131rsat e\u015fitli\u011fi politikam\u0131z ile destekliyoruz.<\/p>\n<p>De\u011fi\u015fime ve geli\u015fime a\u00e7\u0131k, \u015firket sadakati geli\u015fmi\u015f, s\u00fcre\u00e7 ve sonu\u00e7 odakl\u0131 insan kayna\u011f\u0131 ile s\u00fcrd\u00fcr\u00fclebilir insan ve kapasite geli\u015ftirme odakl\u0131 organizasyon s\u00fcre\u00e7lerini olu\u015fturuyoruz.<\/div>\n\t\t\t\n\t\t\t\n\t\t<\/div>\n\t\t\n\t\t[\/vc_column][\/vc_row][vc_row][vc_column width=&#8221;1\/2&#8243;]\t\t\t<div class=\"info-box-wrapper\">\n\t\t\t\t<div id=\"wd-67f7dfa607cf2\" class=\" wd-rs-67f7dfa607cf2 wd-info-box wd-wpb text-left box-icon-align-left box-style- color-scheme- wd-bg-none wd-items-top \">\n\t\t\t\t\t\t\t\t\t\t\t<div class=\"box-icon-wrapper  box-with-icon box-icon-simple\">\n\t\t\t\t\t\t\t<div class=\"info-box-icon\">\n\n\t\t\t\t\t\t\t\n\t\t\t\t\t\t\t\t\t\t\t\t\t\t\t\t\t<div class=\"info-svg-wrapper\" style=\"width: 48px;height: 48px;\"><img decoding=\"async\"  src=\"https:\/\/nurtep.atolyework.net\/wp-content\/uploads\/2025\/04\/ise_alim.svg\" title=\"ise_alim\" loading=\"lazy\" width=\"48\" height=\"48\"><\/div>\t\t\t\t\t\t\t\t\t\t\t\t\t\t\t\n\t\t\t\t\t\t\t<\/div>\n\t\t\t\t\t\t<\/div>\n\t\t\t\t\t\t\t\t\t\t<div class=\"info-box-content\">\n\t\t\t\t\t\t<h4 class=\"info-box-title title box-title-style-default wd-fontsize-m\"><strong>\u2192 \u0130\u015fe Al\u0131m:<\/strong><\/h4>\t\t\t\t\t\t<div class=\"info-box-inner reset-last-child\"><p>\u0130\u015fe al\u0131m\u00a0 yap\u0131lacak kadrolarla ilgili ilanlar yay\u0131nlanmakta olup, t\u00fcm adaylarla ilgili objektif ve nitelikli de\u011ferlendirmeler yap\u0131lman\u0131n yan\u0131nda, pozisyona g\u00f6re testler uygulanmaktad\u0131r.<\/p>\n<\/div>\n\n\t\t\t\t\t\t\t\t\t\t\t<\/div>\n\n\t\t\t\t\t\n\t\t\t\t\t<style><\/style>\t\t\t\t<\/div>\n\t\t\t<\/div>\n\t\t\t\t\t<div class=\"info-box-wrapper\">\n\t\t\t\t<div id=\"wd-67f7dfb10e024\" class=\" wd-rs-67f7dfb10e024 wd-info-box wd-wpb text-left box-icon-align-left box-style- color-scheme- wd-bg-none wd-items-top \">\n\t\t\t\t\t\t\t\t\t\t\t<div class=\"box-icon-wrapper  box-with-icon box-icon-simple\">\n\t\t\t\t\t\t\t<div class=\"info-box-icon\">\n\n\t\t\t\t\t\t\t\n\t\t\t\t\t\t\t\t\t\t\t\t\t\t\t\t\t<div class=\"info-svg-wrapper\" style=\"width: 48px;height: 48px;\"><img decoding=\"async\"  src=\"https:\/\/nurtep.atolyework.net\/wp-content\/uploads\/2025\/04\/egitim.svg\" title=\"egitim\" loading=\"lazy\" width=\"48\" height=\"48\"><\/div>\t\t\t\t\t\t\t\t\t\t\t\t\t\t\t\n\t\t\t\t\t\t\t<\/div>\n\t\t\t\t\t\t<\/div>\n\t\t\t\t\t\t\t\t\t\t<div class=\"info-box-content\">\n\t\t\t\t\t\t<h4 class=\"info-box-title title box-title-style-default wd-fontsize-m\"><strong>\u2192 E\u011fitim:<\/strong><\/h4>\t\t\t\t\t\t<div class=\"info-box-inner reset-last-child\"><p>Davran\u0131\u015fsal ve mesleki yetkiliklerini destekleyen s\u00fcrekli e\u011fitimi hedeflemek. S\u0131n\u0131f i\u00e7i e\u011fitimlerin yans\u0131ra e- \u00f6\u011frenme e\u011fitim s\u00fcre\u00e7leri ile desteklemek.<\/p>\n<\/div>\n\n\t\t\t\t\t\t\t\t\t\t\t<\/div>\n\n\t\t\t\t\t\n\t\t\t\t\t<style><\/style>\t\t\t\t<\/div>\n\t\t\t<\/div>\n\t\t\t\t\t<div class=\"info-box-wrapper\">\n\t\t\t\t<div id=\"wd-67f7dfb7b6baa\" class=\" wd-rs-67f7dfb7b6baa wd-info-box wd-wpb text-left box-icon-align-left box-style- color-scheme- wd-bg-none wd-items-top \">\n\t\t\t\t\t\t\t\t\t\t\t<div class=\"box-icon-wrapper  box-with-icon box-icon-simple\">\n\t\t\t\t\t\t\t<div class=\"info-box-icon\">\n\n\t\t\t\t\t\t\t\n\t\t\t\t\t\t\t\t\t\t\t\t\t\t\t\t\t<div class=\"info-svg-wrapper\" style=\"width: 48px;height: 48px;\"><img decoding=\"async\"  src=\"https:\/\/nurtep.atolyework.net\/wp-content\/uploads\/2025\/04\/kariyer.svg\" title=\"kariyer\" loading=\"lazy\" width=\"48\" height=\"48\"><\/div>\t\t\t\t\t\t\t\t\t\t\t\t\t\t\t\n\t\t\t\t\t\t\t<\/div>\n\t\t\t\t\t\t<\/div>\n\t\t\t\t\t\t\t\t\t\t<div class=\"info-box-content\">\n\t\t\t\t\t\t<h4 class=\"info-box-title title box-title-style-default wd-fontsize-m\"><strong>\u2192 Kariyer Y\u00f6netimi:<\/strong><\/h4>\t\t\t\t\t\t<div class=\"info-box-inner reset-last-child\"><p>\u015eirketlerimiz kendi y\u00f6netici ekibini yeti\u015ftirmeye hedeflemekte. Bu nedenle yatay ve dikey terfi ve transferler ger\u00e7ekle\u015fmektedir. A\u00e7\u0131k pozisyonlara \u00e7al\u0131\u015fanlar kendileri ba\u015fvurabildikleri gibi, y\u00f6neticilerinin \u00f6nerileri\u00a0 veya insan kaynaklar\u0131 taraf\u0131ndan aday olarak de\u011ferlendirilmektedir.<\/p>\n<\/div>\n\n\t\t\t\t\t\t\t\t\t\t\t<\/div>\n\n\t\t\t\t\t\n\t\t\t\t\t<style><\/style>\t\t\t\t<\/div>\n\t\t\t<\/div>\n\t\t\t\t\t<div class=\"info-box-wrapper\">\n\t\t\t\t<div id=\"wd-67f7dfbf542de\" class=\" wd-rs-67f7dfbf542de wd-info-box wd-wpb text-left box-icon-align-left box-style- color-scheme- wd-bg-none wd-items-top \">\n\t\t\t\t\t\t\t\t\t\t\t<div class=\"box-icon-wrapper  box-with-icon box-icon-simple\">\n\t\t\t\t\t\t\t<div class=\"info-box-icon\">\n\n\t\t\t\t\t\t\t\n\t\t\t\t\t\t\t\t\t\t\t\t\t\t\t\t\t<div class=\"info-svg-wrapper\" style=\"width: 48px;height: 48px;\"><img decoding=\"async\"  src=\"https:\/\/nurtep.atolyework.net\/wp-content\/uploads\/2025\/04\/performans.svg\" title=\"performans\" loading=\"lazy\" width=\"48\" height=\"48\"><\/div>\t\t\t\t\t\t\t\t\t\t\t\t\t\t\t\n\t\t\t\t\t\t\t<\/div>\n\t\t\t\t\t\t<\/div>\n\t\t\t\t\t\t\t\t\t\t<div class=\"info-box-content\">\n\t\t\t\t\t\t<h4 class=\"info-box-title title box-title-style-default wd-fontsize-m\"><strong>\u2192 Performans Y\u00f6netimi:<\/strong><\/h4>\t\t\t\t\t\t<div class=\"info-box-inner reset-last-child\"><p>Performans de\u011ferlendirmesi g\u00f6rev tan\u0131mlar\u0131na g\u00f6re farkl\u0131l\u0131klar g\u00f6stermektedir. G\u00f6rev tan\u0131m\u0131na g\u00f6re ayl\u0131k, \u00fc\u00e7 ayl\u0131k veya y\u0131ll\u0131k de\u011ferlendirmeler yap\u0131lmaktad\u0131r.<\/p>\n<\/div>\n\n\t\t\t\t\t\t\t\t\t\t\t<\/div>\n\n\t\t\t\t\t\n\t\t\t\t\t<style><\/style>\t\t\t\t<\/div>\n\t\t\t<\/div>\n\t\t[vc_row_inner][vc_column_inner][vc_btn title=&#8221;Hemen Ba\u015fvuru Yapmak \u0130\u00e7in T\u0131klay\u0131n\u0131z&#8221; css=&#8221;&#8221; link=&#8221;url:https%3A%2F%2Fozkilicgroup.com%2Filetisim%2F|target:_blank|rel:nofollow&#8221;][\/vc_column_inner][\/vc_row_inner][\/vc_column][vc_column width=&#8221;1\/2&#8243;]\t\t<div id=\"wd-67f6714924873\" class=\"wd-image wd-wpb wd-animation wd-transform wd-animation-left-flip-y wd-animation-normal wd_delay_100 wd-rs-67f6714924873 text-left vc_custom_1744204119850\">\n\t\t\t\n\t\t\t<img loading=\"lazy\" decoding=\"async\" width=\"1024\" height=\"1536\" src=\"https:\/\/nurtep.atolyework.net\/wp-content\/uploads\/2025\/04\/insan_kaynaklari.jpg\" class=\"attachment-full size-full\" alt=\"\" srcset=\"https:\/\/nurtep.atolyework.net\/wp-content\/uploads\/2025\/04\/insan_kaynaklari.jpg 1024w, https:\/\/nurtep.atolyework.net\/wp-content\/uploads\/2025\/04\/insan_kaynaklari-200x300.jpg 200w, https:\/\/nurtep.atolyework.net\/wp-content\/uploads\/2025\/04\/insan_kaynaklari-533x800.jpg 533w, https:\/\/nurtep.atolyework.net\/wp-content\/uploads\/2025\/04\/insan_kaynaklari-768x1152.jpg 768w\" sizes=\"auto, (max-width: 1024px) 100vw, 1024px\" \/>\n\t\t\t\t\t<\/div>\n\t\t[\/vc_column][\/vc_row]<\/p>\n<\/div>","protected":false},"excerpt":{"rendered":"<p>[vc_row][vc_column][\/vc_column][\/vc_row][vc_row][vc_column width=&#8221;1\/2&#8243;][vc_row_inner][vc_column_inner][vc_btn title=&#8221;Hemen Ba\u015fvuru Yapmak \u0130\u00e7in T\u0131klay\u0131n\u0131z&#8221; css=&#8221;&#8221; link=&#8221;url:https%3A%2F%2Fozkilicgroup.com%2Filetisim%2F|target:_blank|rel:nofollow&#8221;][\/vc_column_inner][\/vc_row_inner][\/vc_column][vc_column width=&#8221;1\/2&#8243;][\/vc_column][\/vc_row]<\/p>\n","protected":false},"author":1,"featured_media":0,"parent":0,"menu_order":0,"comment_status":"closed","ping_status":"closed","template":"","meta":{"footnotes":""},"class_list":["post-34383","page","type-page","status-publish","hentry"],"_links":{"self":[{"href":"https:\/\/nurtep.atolyework.net\/index.php?rest_route=\/wp\/v2\/pages\/34383","targetHints":{"allow":["GET"]}}],"collection":[{"href":"https:\/\/nurtep.atolyework.net\/index.php?rest_route=\/wp\/v2\/pages"}],"about":[{"href":"https:\/\/nurtep.atolyework.net\/index.php?rest_route=\/wp\/v2\/types\/page"}],"author":[{"embeddable":true,"href":"https:\/\/nurtep.atolyework.net\/index.php?rest_route=\/wp\/v2\/users\/1"}],"replies":[{"embeddable":true,"href":"https:\/\/nurtep.atolyework.net\/index.php?rest_route=%2Fwp%2Fv2%2Fcomments&post=34383"}],"version-history":[{"count":27,"href":"https:\/\/nurtep.atolyework.net\/index.php?rest_route=\/wp\/v2\/pages\/34383\/revisions"}],"predecessor-version":[{"id":35616,"href":"https:\/\/nurtep.atolyework.net\/index.php?rest_route=\/wp\/v2\/pages\/34383\/revisions\/35616"}],"wp:attachment":[{"href":"https:\/\/nurtep.atolyework.net\/index.php?rest_route=%2Fwp%2Fv2%2Fmedia&parent=34383"}],"curies":[{"name":"wp","href":"https:\/\/api.w.org\/{rel}","templated":true}]}}